{"id":17,"date":"2014-07-11T13:42:54","date_gmt":"2014-07-11T11:42:54","guid":{"rendered":"http:\/\/moba.noethlich.info\/?page_id=17"},"modified":"2015-12-28T12:05:37","modified_gmt":"2015-12-28T11:05:37","slug":"arduino","status":"publish","type":"page","link":"http:\/\/moba.noethlich.info\/?page_id=17","title":{"rendered":"Arduino"},"content":{"rendered":"<p>Zur Automatisierung von Abl\u00e4ufen auf der Modellbahn habe ich mich f\u00fcr die <a href=\"http:\/\/www.arduino.cc\/\" target=\"_blank\">Arduino-Familie <\/a>entschieden &#8211; von Lichteffekten bis zu Modellbau-Servos und (Getriebe-)Motoren l\u00e4sst sich damit alles ansteuern. Meine &#8222;Favoriten&#8220; sind z.Zt. der UNO und der Nano &#8211; beide basierend auf dem Mikroprozessor ATmega328P.<\/p>\n<p><a href=\"http:\/\/moba.noethlich.info\/wp-content\/uploads\/2014\/07\/2015-11-11-6464-Arduinos.jpg\"><img loading=\"lazy\" decoding=\"async\" class=\"aligncenter size-full wp-image-577\" src=\"http:\/\/moba.noethlich.info\/wp-content\/uploads\/2014\/07\/2015-11-11-6464-Arduinos.jpg\" alt=\"2015-11-11-6464-Arduinos\" width=\"1000\" height=\"729\" srcset=\"http:\/\/moba.noethlich.info\/wp-content\/uploads\/2014\/07\/2015-11-11-6464-Arduinos.jpg 1000w, http:\/\/moba.noethlich.info\/wp-content\/uploads\/2014\/07\/2015-11-11-6464-Arduinos-300x219.jpg 300w, http:\/\/moba.noethlich.info\/wp-content\/uploads\/2014\/07\/2015-11-11-6464-Arduinos-624x455.jpg 624w\" sizes=\"auto, (max-width: 1000px) 100vw, 1000px\" \/><\/a><\/p>\n<p>Neben vielen Hardware-Erweiterungen (&#8222;Shields&#8220;) gibt es auch zahlreiche fertige Bibliotheken, die die eigene Programmentwicklung erleichtern.<\/p>\n<p>Die M\u00f6glichkeiten der Servo-Bibliothek zeigen sich z.B. beim <a title=\"Arduino als Stellwerk(er)\" href=\"http:\/\/moba.noethlich.info\/?page_id=333\">Arduino als Stellwerk(er)<\/a>. Die Formsignale einer Bahnhofsausfahrt sollen hier vorbildgerecht bewegt werden.<\/p>\n<p>Wenn die Zahl der Ausg\u00e4nge nicht reicht, so ist eine Porterweiterung \u00fcber den I2C-Bus oder mit Hilfe von <a href=\"http:\/\/moba.noethlich.info\/?page_id=297\">Schieberegistern<\/a> m\u00f6glich.\u00a0Damit lassen sich dann\u00a0auch gr\u00f6\u00dfere Beleuchtungsprojekte realisieren.<\/p>\n<p>Mit Hilfe eines High-Speed-Optokopplers und geeigneter Bibliotheken ist auch die Verwendung des <a href=\"http:\/\/moba.noethlich.info\/?page_id=583\">Arduino als DCC-Dekoder<\/a> m\u00f6glich. So lassen sich digital schaltbare Funktionen entwickeln, die mit den Standard-Komponenten der Modellbahn-Industrie nur mit hohem Aufwand zu realisieren w\u00e4ren.<\/p>\n","protected":false},"excerpt":{"rendered":"<p>Zur Automatisierung von Abl\u00e4ufen auf der Modellbahn habe ich mich f\u00fcr die Arduino-Familie entschieden &#8211; von Lichteffekten bis zu Modellbau-Servos und (Getriebe-)Motoren l\u00e4sst sich damit alles ansteuern. Meine &#8222;Favoriten&#8220; sind z.Zt. der UNO und der Nano &#8211; beide basierend auf dem Mikroprozessor ATmega328P. Neben vielen Hardware-Erweiterungen (&#8222;Shields&#8220;) gibt es auch zahlreiche fertige Bibliotheken, die die [&hellip;]<\/p>\n","protected":false},"author":1,"featured_media":0,"parent":0,"menu_order":0,"comment_status":"closed","ping_status":"closed","template":"","meta":{"footnotes":""},"class_list":["post-17","page","type-page","status-publish","hentry"],"_links":{"self":[{"href":"http:\/\/moba.noethlich.info\/index.php?rest_route=\/wp\/v2\/pages\/17","targetHints":{"allow":["GET"]}}],"collection":[{"href":"http:\/\/moba.noethlich.info\/index.php?rest_route=\/wp\/v2\/pages"}],"about":[{"href":"http:\/\/moba.noethlich.info\/index.php?rest_route=\/wp\/v2\/types\/page"}],"author":[{"embeddable":true,"href":"http:\/\/moba.noethlich.info\/index.php?rest_route=\/wp\/v2\/users\/1"}],"replies":[{"embeddable":true,"href":"http:\/\/moba.noethlich.info\/index.php?rest_route=%2Fwp%2Fv2%2Fcomments&post=17"}],"version-history":[{"count":13,"href":"http:\/\/moba.noethlich.info\/index.php?rest_route=\/wp\/v2\/pages\/17\/revisions"}],"predecessor-version":[{"id":590,"href":"http:\/\/moba.noethlich.info\/index.php?rest_route=\/wp\/v2\/pages\/17\/revisions\/590"}],"wp:attachment":[{"href":"http:\/\/moba.noethlich.info\/index.php?rest_route=%2Fwp%2Fv2%2Fmedia&parent=17"}],"curies":[{"name":"wp","href":"https:\/\/api.w.org\/{rel}","templated":true}]}}