{"id":219,"date":"2014-08-17T19:02:26","date_gmt":"2014-08-17T17:02:26","guid":{"rendered":"http:\/\/moba.noethlich.info\/?page_id=219"},"modified":"2014-08-19T17:07:45","modified_gmt":"2014-08-19T15:07:45","slug":"baracke-ohlser-eisenwerk","status":"publish","type":"page","link":"http:\/\/moba.noethlich.info\/?page_id=219","title":{"rendered":"Baracke &#8222;Ohlser Eisenwerk&#8220;"},"content":{"rendered":"<p>Als LaserCut-Bausatz im Programm bei Moebo ist die Holz-Baracke &#8222;Zum Ohlser Eisenwerk&#8220; zu finden, bei deren W\u00e4nden in verwitterter Echtholzoptik der Laser so richtig arbeiten darf. Da sollte auch innen eine ad\u00e4quate Gestaltung erfolgen &#8230; Die Fu\u00dfb\u00f6den wurden zun\u00e4chst mit Dielen-Imitat (gefunden auf\u00a0<a href=\"http:\/\/www.cgtextures.com\/\" target=\"_blank\">http:\/\/www.cgtextures.com\/<\/a>) beklebt:<\/p>\n<p><a href=\"http:\/\/moba.noethlich.info\/wp-content\/uploads\/2014\/08\/2012-04-09-5223-Baracke.jpg\"><img loading=\"lazy\" decoding=\"async\" class=\"aligncenter size-full wp-image-220\" alt=\"2012-04-09-5223-Baracke\" src=\"http:\/\/moba.noethlich.info\/wp-content\/uploads\/2014\/08\/2012-04-09-5223-Baracke.jpg\" width=\"800\" height=\"461\" srcset=\"http:\/\/moba.noethlich.info\/wp-content\/uploads\/2014\/08\/2012-04-09-5223-Baracke.jpg 800w, http:\/\/moba.noethlich.info\/wp-content\/uploads\/2014\/08\/2012-04-09-5223-Baracke-300x172.jpg 300w, http:\/\/moba.noethlich.info\/wp-content\/uploads\/2014\/08\/2012-04-09-5223-Baracke-624x359.jpg 624w\" sizes=\"auto, (max-width: 800px) 100vw, 800px\" \/><\/a><\/p>\n<p>Jeder Raum erh\u00e4lt eine &#8222;Tapete&#8220; aus Versandtaschenpapier und eine passend gefertigte Innenbeleuchtung. Es stellte sich jedoch schnell heraus, dass letztere besser nach der Einrichtung der R\u00e4ume montiert wird &#8211; bei den ersten beiden Zimmern musste ich da aber jetzt im wahrsten Sinne des Wortes durch:<\/p>\n<p><a href=\"http:\/\/moba.noethlich.info\/wp-content\/uploads\/2014\/08\/2012-04-09-5225-Baracke.jpg\"><img loading=\"lazy\" decoding=\"async\" class=\"aligncenter size-full wp-image-221\" alt=\"2012-04-09-5225-Baracke\" src=\"http:\/\/moba.noethlich.info\/wp-content\/uploads\/2014\/08\/2012-04-09-5225-Baracke.jpg\" width=\"800\" height=\"442\" srcset=\"http:\/\/moba.noethlich.info\/wp-content\/uploads\/2014\/08\/2012-04-09-5225-Baracke.jpg 800w, http:\/\/moba.noethlich.info\/wp-content\/uploads\/2014\/08\/2012-04-09-5225-Baracke-300x165.jpg 300w, http:\/\/moba.noethlich.info\/wp-content\/uploads\/2014\/08\/2012-04-09-5225-Baracke-624x344.jpg 624w\" sizes=\"auto, (max-width: 800px) 100vw, 800px\" \/><\/a><\/p>\n<p>Aus Holzresten und K\u00fcchenpapier entstanden die Betten f\u00fcr einen Schlafraum:<\/p>\n<p><a href=\"http:\/\/moba.noethlich.info\/wp-content\/uploads\/2014\/08\/2012-04-09-5231-Baracke.jpg\"><img loading=\"lazy\" decoding=\"async\" class=\"aligncenter size-full wp-image-222\" alt=\"2012-04-09-5231-Baracke\" src=\"http:\/\/moba.noethlich.info\/wp-content\/uploads\/2014\/08\/2012-04-09-5231-Baracke.jpg\" width=\"800\" height=\"490\" srcset=\"http:\/\/moba.noethlich.info\/wp-content\/uploads\/2014\/08\/2012-04-09-5231-Baracke.jpg 800w, http:\/\/moba.noethlich.info\/wp-content\/uploads\/2014\/08\/2012-04-09-5231-Baracke-300x183.jpg 300w, http:\/\/moba.noethlich.info\/wp-content\/uploads\/2014\/08\/2012-04-09-5231-Baracke-624x382.jpg 624w\" sizes=\"auto, (max-width: 800px) 100vw, 800px\" \/><\/a><\/p>\n<p>Zusammen mit Bastelbogen-Spinden (gefunden auf\u00a0<a href=\"http:\/\/www.moba-keller.de\/\" target=\"_blank\">http:\/\/www.moba-keller.de<\/a>) und zwei Preiser-Figuren ist der erste Raum fertig eingerichtet &#8211; der zweite (mittlere) Raum auf der R\u00fcckseite erhielt einfach wei\u00dfe Vorh\u00e4nge:<\/p>\n<p><a href=\"http:\/\/moba.noethlich.info\/wp-content\/uploads\/2014\/08\/2012-04-09-5232-Baracke.jpg\"><img loading=\"lazy\" decoding=\"async\" class=\"aligncenter size-full wp-image-223\" alt=\"2012-04-09-5232-Baracke\" src=\"http:\/\/moba.noethlich.info\/wp-content\/uploads\/2014\/08\/2012-04-09-5232-Baracke.jpg\" width=\"800\" height=\"630\" srcset=\"http:\/\/moba.noethlich.info\/wp-content\/uploads\/2014\/08\/2012-04-09-5232-Baracke.jpg 800w, http:\/\/moba.noethlich.info\/wp-content\/uploads\/2014\/08\/2012-04-09-5232-Baracke-300x236.jpg 300w, http:\/\/moba.noethlich.info\/wp-content\/uploads\/2014\/08\/2012-04-09-5232-Baracke-624x491.jpg 624w\" sizes=\"auto, (max-width: 800px) 100vw, 800px\" \/><\/a><\/p>\n<p>Bei einem der vorderen R\u00e4ume mussten wieder die Handwerker ran &#8230; Tische und St\u00fchle stapeln, einen Kasten Bier, fertig:<\/p>\n<p><a href=\"http:\/\/moba.noethlich.info\/wp-content\/uploads\/2014\/08\/2012-04-09-5240-Baracke.jpg\"><img loading=\"lazy\" decoding=\"async\" class=\"aligncenter size-full wp-image-224\" alt=\"2012-04-09-5240-Baracke\" src=\"http:\/\/moba.noethlich.info\/wp-content\/uploads\/2014\/08\/2012-04-09-5240-Baracke.jpg\" width=\"800\" height=\"512\" srcset=\"http:\/\/moba.noethlich.info\/wp-content\/uploads\/2014\/08\/2012-04-09-5240-Baracke.jpg 800w, http:\/\/moba.noethlich.info\/wp-content\/uploads\/2014\/08\/2012-04-09-5240-Baracke-300x192.jpg 300w, http:\/\/moba.noethlich.info\/wp-content\/uploads\/2014\/08\/2012-04-09-5240-Baracke-624x399.jpg 624w\" sizes=\"auto, (max-width: 800px) 100vw, 800px\" \/><\/a><\/p>\n<p>Auf der anderen Seite wird ein Schankraum eingerichtet, der seine Gem\u00fctlichkeit durch die Bl\u00fcmchen auf den Tischen und die Fahrradwerbung an den W\u00e4nden erh\u00e4lt. Die &#8222;Kleber-Pf\u00fctzen&#8220; auf dem Boden sieht man von au\u00dfen nicht &#8211; mir war es wichtig, dass sich da sp\u00e4ter keinesfalls mehr was l\u00f6sen kann, wenn das Dach drauf ist.<\/p>\n<p><a href=\"http:\/\/moba.noethlich.info\/wp-content\/uploads\/2014\/08\/2012-04-09-5246-Baracke.jpg\"><img loading=\"lazy\" decoding=\"async\" class=\"aligncenter size-full wp-image-225\" alt=\"2012-04-09-5246-Baracke\" src=\"http:\/\/moba.noethlich.info\/wp-content\/uploads\/2014\/08\/2012-04-09-5246-Baracke.jpg\" width=\"800\" height=\"492\" srcset=\"http:\/\/moba.noethlich.info\/wp-content\/uploads\/2014\/08\/2012-04-09-5246-Baracke.jpg 800w, http:\/\/moba.noethlich.info\/wp-content\/uploads\/2014\/08\/2012-04-09-5246-Baracke-300x184.jpg 300w, http:\/\/moba.noethlich.info\/wp-content\/uploads\/2014\/08\/2012-04-09-5246-Baracke-624x383.jpg 624w\" sizes=\"auto, (max-width: 800px) 100vw, 800px\" \/><\/a><\/p>\n<p>Von au\u00dfen kann man sehr gut die Wandgestaltung erkennen &#8211; das sieht wirklich wie verwitterter Lack aus:<\/p>\n<p><a href=\"http:\/\/moba.noethlich.info\/wp-content\/uploads\/2014\/08\/2012-04-09-5242-Baracke.jpg\"><img loading=\"lazy\" decoding=\"async\" class=\"aligncenter size-full wp-image-226\" alt=\"2012-04-09-5242-Baracke\" src=\"http:\/\/moba.noethlich.info\/wp-content\/uploads\/2014\/08\/2012-04-09-5242-Baracke.jpg\" width=\"800\" height=\"529\" srcset=\"http:\/\/moba.noethlich.info\/wp-content\/uploads\/2014\/08\/2012-04-09-5242-Baracke.jpg 800w, http:\/\/moba.noethlich.info\/wp-content\/uploads\/2014\/08\/2012-04-09-5242-Baracke-300x198.jpg 300w, http:\/\/moba.noethlich.info\/wp-content\/uploads\/2014\/08\/2012-04-09-5242-Baracke-624x412.jpg 624w\" sizes=\"auto, (max-width: 800px) 100vw, 800px\" \/><\/a><\/p>\n<p>Hier\u00a0eine Gesamtansicht der Baracke von vorne:<\/p>\n<p><a href=\"http:\/\/moba.noethlich.info\/wp-content\/uploads\/2014\/08\/2012-04-09-5295-Baracke.jpg\"><img loading=\"lazy\" decoding=\"async\" class=\"aligncenter size-full wp-image-227\" alt=\"2012-04-09-5295-Baracke\" src=\"http:\/\/moba.noethlich.info\/wp-content\/uploads\/2014\/08\/2012-04-09-5295-Baracke.jpg\" width=\"800\" height=\"381\" srcset=\"http:\/\/moba.noethlich.info\/wp-content\/uploads\/2014\/08\/2012-04-09-5295-Baracke.jpg 800w, http:\/\/moba.noethlich.info\/wp-content\/uploads\/2014\/08\/2012-04-09-5295-Baracke-300x142.jpg 300w, http:\/\/moba.noethlich.info\/wp-content\/uploads\/2014\/08\/2012-04-09-5295-Baracke-624x297.jpg 624w\" sizes=\"auto, (max-width: 800px) 100vw, 800px\" \/><\/a><\/p>\n<p>Zum Schluss noch die Dachgestaltung mit Schornsteinen und der filigranen Antenne von Weinert:<\/p>\n<p><a href=\"http:\/\/moba.noethlich.info\/wp-content\/uploads\/2014\/08\/2012-04-15-5307-Baracke.jpg\"><img loading=\"lazy\" decoding=\"async\" class=\"aligncenter size-full wp-image-230\" alt=\"2012-04-15-5307-Baracke\" src=\"http:\/\/moba.noethlich.info\/wp-content\/uploads\/2014\/08\/2012-04-15-5307-Baracke.jpg\" width=\"800\" height=\"563\" srcset=\"http:\/\/moba.noethlich.info\/wp-content\/uploads\/2014\/08\/2012-04-15-5307-Baracke.jpg 800w, http:\/\/moba.noethlich.info\/wp-content\/uploads\/2014\/08\/2012-04-15-5307-Baracke-300x211.jpg 300w, http:\/\/moba.noethlich.info\/wp-content\/uploads\/2014\/08\/2012-04-15-5307-Baracke-624x439.jpg 624w\" sizes=\"auto, (max-width: 800px) 100vw, 800px\" \/><\/a><\/p>\n<p>&#8230; und der\u00a0Blick in das kleine Hinterzimmer (wo nur bei der Au\u00dfenfassade &#8222;der Lack ab&#8220; ist):<\/p>\n<p><a href=\"http:\/\/moba.noethlich.info\/wp-content\/uploads\/2014\/08\/2012-04-09-5298-Baracke.jpg\"><img loading=\"lazy\" decoding=\"async\" class=\"aligncenter size-full wp-image-229\" alt=\"2012-04-09-5298-Baracke\" src=\"http:\/\/moba.noethlich.info\/wp-content\/uploads\/2014\/08\/2012-04-09-5298-Baracke.jpg\" width=\"800\" height=\"446\" srcset=\"http:\/\/moba.noethlich.info\/wp-content\/uploads\/2014\/08\/2012-04-09-5298-Baracke.jpg 800w, http:\/\/moba.noethlich.info\/wp-content\/uploads\/2014\/08\/2012-04-09-5298-Baracke-300x167.jpg 300w, http:\/\/moba.noethlich.info\/wp-content\/uploads\/2014\/08\/2012-04-09-5298-Baracke-624x347.jpg 624w\" sizes=\"auto, (max-width: 800px) 100vw, 800px\" \/><\/a><\/p>\n<p>Leider (aus heutiger Sicht) habe ich die Beleuchtung der einzelnen R\u00e4ume nicht separat aus dem Geb\u00e4ude gef\u00fchrt, so dass eine abwechslungsreiche Beleuchtungssteuerung nun nicht mehr m\u00f6glich ist. Heute w\u00fcrde ich die LEDs \u00fcber ein Schieberegister (z.B. im Dach oder im nicht einsehbaren Innenraum) individuell schaltbar ausf\u00fchren. Trotzdem ist das Geb\u00e4ude ein gelungener Blickfang auf der Anlage.<\/p>\n","protected":false},"excerpt":{"rendered":"<p>Als LaserCut-Bausatz im Programm bei Moebo ist die Holz-Baracke &#8222;Zum Ohlser Eisenwerk&#8220; zu finden, bei deren W\u00e4nden in verwitterter Echtholzoptik der Laser so richtig arbeiten darf. Da sollte auch innen eine ad\u00e4quate Gestaltung erfolgen &#8230; Die Fu\u00dfb\u00f6den wurden zun\u00e4chst mit Dielen-Imitat (gefunden auf\u00a0http:\/\/www.cgtextures.com\/) beklebt: Jeder Raum erh\u00e4lt eine &#8222;Tapete&#8220; aus Versandtaschenpapier und eine passend gefertigte [&hellip;]<\/p>\n","protected":false},"author":1,"featured_media":0,"parent":53,"menu_order":0,"comment_status":"closed","ping_status":"closed","template":"","meta":{"footnotes":""},"class_list":["post-219","page","type-page","status-publish","hentry"],"_links":{"self":[{"href":"http:\/\/moba.noethlich.info\/index.php?rest_route=\/wp\/v2\/pages\/219","targetHints":{"allow":["GET"]}}],"collection":[{"href":"http:\/\/moba.noethlich.info\/index.php?rest_route=\/wp\/v2\/pages"}],"about":[{"href":"http:\/\/moba.noethlich.info\/index.php?rest_route=\/wp\/v2\/types\/page"}],"author":[{"embeddable":true,"href":"http:\/\/moba.noethlich.info\/index.php?rest_route=\/wp\/v2\/users\/1"}],"replies":[{"embeddable":true,"href":"http:\/\/moba.noethlich.info\/index.php?rest_route=%2Fwp%2Fv2%2Fcomments&post=219"}],"version-history":[{"count":13,"href":"http:\/\/moba.noethlich.info\/index.php?rest_route=\/wp\/v2\/pages\/219\/revisions"}],"predecessor-version":[{"id":266,"href":"http:\/\/moba.noethlich.info\/index.php?rest_route=\/wp\/v2\/pages\/219\/revisions\/266"}],"up":[{"embeddable":true,"href":"http:\/\/moba.noethlich.info\/index.php?rest_route=\/wp\/v2\/pages\/53"}],"wp:attachment":[{"href":"http:\/\/moba.noethlich.info\/index.php?rest_route=%2Fwp%2Fv2%2Fmedia&parent=219"}],"curies":[{"name":"wp","href":"https:\/\/api.w.org\/{rel}","templated":true}]}}