{"id":254,"date":"2014-08-19T16:59:22","date_gmt":"2014-08-19T14:59:22","guid":{"rendered":"http:\/\/moba.noethlich.info\/?page_id=254"},"modified":"2014-08-19T17:05:56","modified_gmt":"2014-08-19T15:05:56","slug":"kleine-werkstatt","status":"publish","type":"page","link":"http:\/\/moba.noethlich.info\/?page_id=254","title":{"rendered":"Kleine Werkstatt"},"content":{"rendered":"<p>Anfang\u00a02009 entstand diese kleine Werkstatt aus einem LaserCut-Bausatz von Moebo &#8211; hier ganz kurz und knapp mit Bildern\u00a0vom Rohbau bis zum fertig eingerichteten Geb\u00e4ude:<\/p>\n<p><a href=\"http:\/\/moba.noethlich.info\/wp-content\/uploads\/2014\/08\/2009-01-26-3747-Werkstatt.jpg\"><img loading=\"lazy\" decoding=\"async\" class=\"aligncenter size-full wp-image-260\" alt=\"2009-01-26-3747-Werkstatt\" src=\"http:\/\/moba.noethlich.info\/wp-content\/uploads\/2014\/08\/2009-01-26-3747-Werkstatt.jpg\" width=\"800\" height=\"600\" srcset=\"http:\/\/moba.noethlich.info\/wp-content\/uploads\/2014\/08\/2009-01-26-3747-Werkstatt.jpg 800w, http:\/\/moba.noethlich.info\/wp-content\/uploads\/2014\/08\/2009-01-26-3747-Werkstatt-300x225.jpg 300w, http:\/\/moba.noethlich.info\/wp-content\/uploads\/2014\/08\/2009-01-26-3747-Werkstatt-624x468.jpg 624w\" sizes=\"auto, (max-width: 800px) 100vw, 800px\" \/><\/a><\/p>\n<p><a href=\"http:\/\/moba.noethlich.info\/wp-content\/uploads\/2014\/08\/2009-02-08-3787-Werkstatt.jpg\"><img loading=\"lazy\" decoding=\"async\" class=\"aligncenter size-full wp-image-252\" alt=\"2009-02-08-3787-Werkstatt\" src=\"http:\/\/moba.noethlich.info\/wp-content\/uploads\/2014\/08\/2009-02-08-3787-Werkstatt.jpg\" width=\"800\" height=\"600\" srcset=\"http:\/\/moba.noethlich.info\/wp-content\/uploads\/2014\/08\/2009-02-08-3787-Werkstatt.jpg 800w, http:\/\/moba.noethlich.info\/wp-content\/uploads\/2014\/08\/2009-02-08-3787-Werkstatt-300x225.jpg 300w, http:\/\/moba.noethlich.info\/wp-content\/uploads\/2014\/08\/2009-02-08-3787-Werkstatt-624x468.jpg 624w\" sizes=\"auto, (max-width: 800px) 100vw, 800px\" \/><\/a><\/p>\n<p><a href=\"http:\/\/moba.noethlich.info\/wp-content\/uploads\/2014\/08\/2009-02-14-3808-Werkstatt.jpg\"><img loading=\"lazy\" decoding=\"async\" class=\"aligncenter size-full wp-image-256\" alt=\"2009-02-14-3808-Werkstatt\" src=\"http:\/\/moba.noethlich.info\/wp-content\/uploads\/2014\/08\/2009-02-14-3808-Werkstatt.jpg\" width=\"800\" height=\"600\" srcset=\"http:\/\/moba.noethlich.info\/wp-content\/uploads\/2014\/08\/2009-02-14-3808-Werkstatt.jpg 800w, http:\/\/moba.noethlich.info\/wp-content\/uploads\/2014\/08\/2009-02-14-3808-Werkstatt-300x225.jpg 300w, http:\/\/moba.noethlich.info\/wp-content\/uploads\/2014\/08\/2009-02-14-3808-Werkstatt-624x468.jpg 624w\" sizes=\"auto, (max-width: 800px) 100vw, 800px\" \/><\/a><\/p>\n<p><a href=\"http:\/\/moba.noethlich.info\/wp-content\/uploads\/2014\/08\/2009-02-25-3882-Werkstatt.jpg\"><img loading=\"lazy\" decoding=\"async\" class=\"aligncenter size-full wp-image-257\" alt=\"2009-02-25-3882-Werkstatt\" src=\"http:\/\/moba.noethlich.info\/wp-content\/uploads\/2014\/08\/2009-02-25-3882-Werkstatt.jpg\" width=\"800\" height=\"600\" srcset=\"http:\/\/moba.noethlich.info\/wp-content\/uploads\/2014\/08\/2009-02-25-3882-Werkstatt.jpg 800w, http:\/\/moba.noethlich.info\/wp-content\/uploads\/2014\/08\/2009-02-25-3882-Werkstatt-300x225.jpg 300w, http:\/\/moba.noethlich.info\/wp-content\/uploads\/2014\/08\/2009-02-25-3882-Werkstatt-624x468.jpg 624w\" sizes=\"auto, (max-width: 800px) 100vw, 800px\" \/><\/a><\/p>\n<p><a href=\"http:\/\/moba.noethlich.info\/wp-content\/uploads\/2014\/08\/2009-04-11-3920-Werkstatt.jpg\"><img loading=\"lazy\" decoding=\"async\" class=\"aligncenter size-full wp-image-258\" alt=\"2009-04-11-3920-Werkstatt\" src=\"http:\/\/moba.noethlich.info\/wp-content\/uploads\/2014\/08\/2009-04-11-3920-Werkstatt.jpg\" width=\"800\" height=\"600\" srcset=\"http:\/\/moba.noethlich.info\/wp-content\/uploads\/2014\/08\/2009-04-11-3920-Werkstatt.jpg 800w, http:\/\/moba.noethlich.info\/wp-content\/uploads\/2014\/08\/2009-04-11-3920-Werkstatt-300x225.jpg 300w, http:\/\/moba.noethlich.info\/wp-content\/uploads\/2014\/08\/2009-04-11-3920-Werkstatt-624x468.jpg 624w\" sizes=\"auto, (max-width: 800px) 100vw, 800px\" \/><\/a><\/p>\n<p><a href=\"http:\/\/moba.noethlich.info\/wp-content\/uploads\/2014\/08\/2009-04-11-3957-Werkstatt.jpg\"><img loading=\"lazy\" decoding=\"async\" class=\"aligncenter size-full wp-image-259\" alt=\"2009-04-11-3957-Werkstatt\" src=\"http:\/\/moba.noethlich.info\/wp-content\/uploads\/2014\/08\/2009-04-11-3957-Werkstatt.jpg\" width=\"800\" height=\"600\" srcset=\"http:\/\/moba.noethlich.info\/wp-content\/uploads\/2014\/08\/2009-04-11-3957-Werkstatt.jpg 800w, http:\/\/moba.noethlich.info\/wp-content\/uploads\/2014\/08\/2009-04-11-3957-Werkstatt-300x225.jpg 300w, http:\/\/moba.noethlich.info\/wp-content\/uploads\/2014\/08\/2009-04-11-3957-Werkstatt-624x468.jpg 624w\" sizes=\"auto, (max-width: 800px) 100vw, 800px\" \/><\/a><\/p>\n<p>Leider (aus heutiger Sicht) habe ich die Beleuchtung der einzelnen R\u00e4ume nicht separat aus dem Geb\u00e4ude gef\u00fchrt, so dass eine abwechslungsreiche Beleuchtungssteuerung nun nicht mehr m\u00f6glich ist. Heute w\u00fcrde ich die LEDs \u00fcber ein Schieberegister (z.B. im Dach) individuell schaltbar ausf\u00fchren.<\/p>\n","protected":false},"excerpt":{"rendered":"<p>Anfang\u00a02009 entstand diese kleine Werkstatt aus einem LaserCut-Bausatz von Moebo &#8211; hier ganz kurz und knapp mit Bildern\u00a0vom Rohbau bis zum fertig eingerichteten Geb\u00e4ude: Leider (aus heutiger Sicht) habe ich die Beleuchtung der einzelnen R\u00e4ume nicht separat aus dem Geb\u00e4ude gef\u00fchrt, so dass eine abwechslungsreiche Beleuchtungssteuerung nun nicht mehr m\u00f6glich ist. Heute w\u00fcrde ich die [&hellip;]<\/p>\n","protected":false},"author":1,"featured_media":0,"parent":53,"menu_order":0,"comment_status":"closed","ping_status":"closed","template":"","meta":{"footnotes":""},"class_list":["post-254","page","type-page","status-publish","hentry"],"_links":{"self":[{"href":"http:\/\/moba.noethlich.info\/index.php?rest_route=\/wp\/v2\/pages\/254","targetHints":{"allow":["GET"]}}],"collection":[{"href":"http:\/\/moba.noethlich.info\/index.php?rest_route=\/wp\/v2\/pages"}],"about":[{"href":"http:\/\/moba.noethlich.info\/index.php?rest_route=\/wp\/v2\/types\/page"}],"author":[{"embeddable":true,"href":"http:\/\/moba.noethlich.info\/index.php?rest_route=\/wp\/v2\/users\/1"}],"replies":[{"embeddable":true,"href":"http:\/\/moba.noethlich.info\/index.php?rest_route=%2Fwp%2Fv2%2Fcomments&post=254"}],"version-history":[{"count":5,"href":"http:\/\/moba.noethlich.info\/index.php?rest_route=\/wp\/v2\/pages\/254\/revisions"}],"predecessor-version":[{"id":265,"href":"http:\/\/moba.noethlich.info\/index.php?rest_route=\/wp\/v2\/pages\/254\/revisions\/265"}],"up":[{"embeddable":true,"href":"http:\/\/moba.noethlich.info\/index.php?rest_route=\/wp\/v2\/pages\/53"}],"wp:attachment":[{"href":"http:\/\/moba.noethlich.info\/index.php?rest_route=%2Fwp%2Fv2%2Fmedia&parent=254"}],"curies":[{"name":"wp","href":"https:\/\/api.w.org\/{rel}","templated":true}]}}