{"id":269,"date":"2014-09-01T18:33:19","date_gmt":"2014-09-01T16:33:19","guid":{"rendered":"http:\/\/moba.noethlich.info\/?page_id=269"},"modified":"2014-09-01T18:59:37","modified_gmt":"2014-09-01T16:59:37","slug":"niederrheinische-molkerei","status":"publish","type":"page","link":"http:\/\/moba.noethlich.info\/?page_id=269","title":{"rendered":"Niederrheinische Molkerei"},"content":{"rendered":"<p>Unter der Artikel-Nummer 23009 bietet <a title=\"Laercut-Welten\" href=\"http:\/\/lasercut-welten.de\/\" target=\"_blank\">Joswood<\/a> das Modell einer niederrheinischen Molkerei an. Das Ensemble besteht aus einem Haupt-, zwei Nebengeb\u00e4uden und einem Kamin. Das Vorbild\u00a0stand am Niederrhein in Niep in der N\u00e4he von Moers. Das Modell zeichnet sich durch eine aufwendig gestaltete Stra\u00dfenfront, eine fein gravierte Laderampe, und eine Au\u00dfenfassade mit innovativer 3-D Ziegelstruktur aus. Es ist nat\u00fcrlich nicht nur als Molkerei, sondern auch als beliebiger Kleinbetrieb einsetzbar. Meine Bauanleitung bestand aus Fotos vom Messe-Muster &#8211; mit etwas Erfahrung im LaserCut-Modellbau sind die aber ausreichend:<\/p>\n<p><a href=\"http:\/\/moba.noethlich.info\/wp-content\/uploads\/2014\/09\/2014-06-28-2727-Molkerei.jpg\"><img loading=\"lazy\" decoding=\"async\" class=\"aligncenter size-full wp-image-271\" alt=\"2014-06-28-2727-Molkerei\" src=\"http:\/\/moba.noethlich.info\/wp-content\/uploads\/2014\/09\/2014-06-28-2727-Molkerei.jpg\" width=\"800\" height=\"600\" srcset=\"http:\/\/moba.noethlich.info\/wp-content\/uploads\/2014\/09\/2014-06-28-2727-Molkerei.jpg 800w, http:\/\/moba.noethlich.info\/wp-content\/uploads\/2014\/09\/2014-06-28-2727-Molkerei-300x225.jpg 300w, http:\/\/moba.noethlich.info\/wp-content\/uploads\/2014\/09\/2014-06-28-2727-Molkerei-624x468.jpg 624w\" sizes=\"auto, (max-width: 800px) 100vw, 800px\" \/><\/a><\/p>\n<p>F\u00fcr die Beleuchtung wurden SMD-LEDs auf Platinenst\u00fcckchen gel\u00f6tet und \u00fcber L\u00f6chern in der Decke festgeklebt. Angeschlossen wurden die LEDs an ein Schieberegister 74HC595, so dass die Ansteuerung \u00fcber eine zentrale Mikroprozessor-Lichtsteuerung\u00a0erfolgen kann:<\/p>\n<p><a href=\"http:\/\/moba.noethlich.info\/wp-content\/uploads\/2014\/09\/2014-08-16-2777-Molkerei.jpg\"><img loading=\"lazy\" decoding=\"async\" class=\"aligncenter size-full wp-image-272\" alt=\"2014-08-16-2777-Molkerei\" src=\"http:\/\/moba.noethlich.info\/wp-content\/uploads\/2014\/09\/2014-08-16-2777-Molkerei.jpg\" width=\"800\" height=\"551\" srcset=\"http:\/\/moba.noethlich.info\/wp-content\/uploads\/2014\/09\/2014-08-16-2777-Molkerei.jpg 800w, http:\/\/moba.noethlich.info\/wp-content\/uploads\/2014\/09\/2014-08-16-2777-Molkerei-300x206.jpg 300w, http:\/\/moba.noethlich.info\/wp-content\/uploads\/2014\/09\/2014-08-16-2777-Molkerei-624x429.jpg 624w\" sizes=\"auto, (max-width: 800px) 100vw, 800px\" \/><\/a><\/p>\n<p>Bis zur Fertigstellung der Inneneinrichtung m\u00fcssen Dach und Zwischendecke abnehmbar bleiben. Sieht aber schon recht h\u00fcbsch aus:<\/p>\n<p><a href=\"http:\/\/moba.noethlich.info\/wp-content\/uploads\/2014\/09\/2014-08-23-6072-Molkerei.jpg\"><img loading=\"lazy\" decoding=\"async\" class=\"aligncenter size-full wp-image-274\" alt=\"2014-08-23-6072-Molkerei\" src=\"http:\/\/moba.noethlich.info\/wp-content\/uploads\/2014\/09\/2014-08-23-6072-Molkerei.jpg\" width=\"800\" height=\"513\" srcset=\"http:\/\/moba.noethlich.info\/wp-content\/uploads\/2014\/09\/2014-08-23-6072-Molkerei.jpg 800w, http:\/\/moba.noethlich.info\/wp-content\/uploads\/2014\/09\/2014-08-23-6072-Molkerei-300x192.jpg 300w, http:\/\/moba.noethlich.info\/wp-content\/uploads\/2014\/09\/2014-08-23-6072-Molkerei-624x400.jpg 624w\" sizes=\"auto, (max-width: 800px) 100vw, 800px\" \/><\/a><\/p>\n<p>Zun\u00e4chst f\u00fcr eine Vereins-Ausstellung wurde das Geb\u00e4ude nun zusammen mit der <a title=\"Baracke \u201cOhlser Eisenwerk\u201d\" href=\"http:\/\/moba.noethlich.info\/?page_id=219\">Baracke<\/a> auf einem Diorama in Szene gesetzt &#8230; sp\u00e4ter wird dieses Diorama hoffentlich\u00a0ohne gr\u00f6\u00dfere \u00c4nderungen auf meiner Anlage Platz finden. Die im Vordergrund sichtbar montierte Mikroprozessor-Steuerung wird dann nat\u00fcrlich im Untergrund verschwinden.<\/p>\n<p><a href=\"http:\/\/moba.noethlich.info\/wp-content\/uploads\/2014\/09\/2014-08-23-6080-Molkerei.jpg\"><img loading=\"lazy\" decoding=\"async\" class=\"aligncenter size-full wp-image-275\" alt=\"2014-08-23-6080-Molkerei\" src=\"http:\/\/moba.noethlich.info\/wp-content\/uploads\/2014\/09\/2014-08-23-6080-Molkerei.jpg\" width=\"800\" height=\"548\" srcset=\"http:\/\/moba.noethlich.info\/wp-content\/uploads\/2014\/09\/2014-08-23-6080-Molkerei.jpg 800w, http:\/\/moba.noethlich.info\/wp-content\/uploads\/2014\/09\/2014-08-23-6080-Molkerei-300x205.jpg 300w, http:\/\/moba.noethlich.info\/wp-content\/uploads\/2014\/09\/2014-08-23-6080-Molkerei-624x427.jpg 624w\" sizes=\"auto, (max-width: 800px) 100vw, 800px\" \/><\/a><\/p>\n<p>Auch die Wirkung &#8222;bei Nacht&#8220; muss\u00a0getestet werden:<a href=\"http:\/\/moba.noethlich.info\/wp-content\/uploads\/2014\/09\/2014-08-31-6109-Molkerei.jpg\"><img loading=\"lazy\" decoding=\"async\" class=\"aligncenter size-full wp-image-276\" alt=\"2014-08-31-6109-Molkerei\" src=\"http:\/\/moba.noethlich.info\/wp-content\/uploads\/2014\/09\/2014-08-31-6109-Molkerei.jpg\" width=\"800\" height=\"536\" srcset=\"http:\/\/moba.noethlich.info\/wp-content\/uploads\/2014\/09\/2014-08-31-6109-Molkerei.jpg 800w, http:\/\/moba.noethlich.info\/wp-content\/uploads\/2014\/09\/2014-08-31-6109-Molkerei-300x201.jpg 300w, http:\/\/moba.noethlich.info\/wp-content\/uploads\/2014\/09\/2014-08-31-6109-Molkerei-624x418.jpg 624w\" sizes=\"auto, (max-width: 800px) 100vw, 800px\" \/><\/a><\/p>\n<p>Viele Kleinigkeiten fehlen nat\u00fcrlich noch und der Artikel wird dementsprechend zu einem sp\u00e4teren Zeitpunkt \u00fcberarbeitet werden.<\/p>\n<p>&nbsp;<\/p>\n","protected":false},"excerpt":{"rendered":"<p>Unter der Artikel-Nummer 23009 bietet Joswood das Modell einer niederrheinischen Molkerei an. Das Ensemble besteht aus einem Haupt-, zwei Nebengeb\u00e4uden und einem Kamin. Das Vorbild\u00a0stand am Niederrhein in Niep in der N\u00e4he von Moers. Das Modell zeichnet sich durch eine aufwendig gestaltete Stra\u00dfenfront, eine fein gravierte Laderampe, und eine Au\u00dfenfassade mit innovativer 3-D Ziegelstruktur aus. [&hellip;]<\/p>\n","protected":false},"author":1,"featured_media":0,"parent":53,"menu_order":0,"comment_status":"closed","ping_status":"closed","template":"","meta":{"footnotes":""},"class_list":["post-269","page","type-page","status-publish","hentry"],"_links":{"self":[{"href":"http:\/\/moba.noethlich.info\/index.php?rest_route=\/wp\/v2\/pages\/269","targetHints":{"allow":["GET"]}}],"collection":[{"href":"http:\/\/moba.noethlich.info\/index.php?rest_route=\/wp\/v2\/pages"}],"about":[{"href":"http:\/\/moba.noethlich.info\/index.php?rest_route=\/wp\/v2\/types\/page"}],"author":[{"embeddable":true,"href":"http:\/\/moba.noethlich.info\/index.php?rest_route=\/wp\/v2\/users\/1"}],"replies":[{"embeddable":true,"href":"http:\/\/moba.noethlich.info\/index.php?rest_route=%2Fwp%2Fv2%2Fcomments&post=269"}],"version-history":[{"count":6,"href":"http:\/\/moba.noethlich.info\/index.php?rest_route=\/wp\/v2\/pages\/269\/revisions"}],"predecessor-version":[{"id":284,"href":"http:\/\/moba.noethlich.info\/index.php?rest_route=\/wp\/v2\/pages\/269\/revisions\/284"}],"up":[{"embeddable":true,"href":"http:\/\/moba.noethlich.info\/index.php?rest_route=\/wp\/v2\/pages\/53"}],"wp:attachment":[{"href":"http:\/\/moba.noethlich.info\/index.php?rest_route=%2Fwp%2Fv2%2Fmedia&parent=269"}],"curies":[{"name":"wp","href":"https:\/\/api.w.org\/{rel}","templated":true}]}}