{"id":393,"date":"2015-03-06T20:07:01","date_gmt":"2015-03-06T19:07:01","guid":{"rendered":"http:\/\/moba.noethlich.info\/?page_id=393"},"modified":"2017-03-05T16:13:10","modified_gmt":"2017-03-05T15:13:10","slug":"3d-druck","status":"publish","type":"page","link":"http:\/\/moba.noethlich.info\/?page_id=393","title":{"rendered":"3D-Druck"},"content":{"rendered":"<p>Bestand bisher die f\u00fcr den privaten Bastler einzig praktikable&nbsp;Methode zur Herstellung vieler gleicher Teile in der Erstellung eines Urmodells und anschlie\u00dfendem Erstellen einer Silikonform f\u00fcr Abg\u00fcsse z.B. aus Gips oder Resin, so stellt der 3D-Druck inzwischen eine saubere und erschwingliche Alternative dar.<\/p>\n<p>Mein erstes Projekt waren die Thermohauben f\u00fcr den Stahltransport &#8211; dokumentiert im Stummi-Forum unter <a href=\"http:\/\/www.stummiforum.de\/viewtopic.php?p=1024919\" target=\"_blank\">http:\/\/www.stummiforum.de\/viewtopic.php?p=1024919<\/a>&nbsp;.<\/p>\n<p><a href=\"http:\/\/moba.noethlich.info\/wp-content\/uploads\/2015\/03\/2013-07-26-5821-Thermo.jpg\"><img loading=\"lazy\" decoding=\"async\" width=\"600\" height=\"305\" class=\"aligncenter size-full wp-image-396\" alt=\"2013-07-26-5821-Thermo\" src=\"http:\/\/moba.noethlich.info\/wp-content\/uploads\/2015\/03\/2013-07-26-5821-Thermo.jpg\" srcset=\"http:\/\/moba.noethlich.info\/wp-content\/uploads\/2015\/03\/2013-07-26-5821-Thermo.jpg 600w, http:\/\/moba.noethlich.info\/wp-content\/uploads\/2015\/03\/2013-07-26-5821-Thermo-300x153.jpg 300w\" sizes=\"auto, (max-width: 600px) 100vw, 600px\" \/><\/a>Bei Gelegenheit werde ich das auch noch mal f\u00fcr die WebSeite neu aufbereiten.<\/p>\n<p>F\u00fcr das&nbsp; Produktionsgeb\u00e4ude von Auhagen ben\u00f6tigte ich einen <a title=\"Hallenkran\" href=\"http:\/\/moba.noethlich.info\/?page_id=399\">Hallenkran<\/a> &#8211; als Innenausstattung ohne hohe Anforderung an die Detailierung, daf\u00fcr aber gerne in mehreren Exemplaren. Mit meinem Start in&nbsp;Spur 0 ergab sich au\u00dferdem der Bedarf an gr\u00f6\u00dferen Mengen <a title=\"F\u00e4sser f\u00fcr Bodorf\" href=\"http:\/\/moba.noethlich.info\/?page_id=431\">F\u00e4ssern<\/a> als Ladegut.<\/p>\n<p>Nach einigen Versuchen \u00fcber Dienstleister habe ich mich im Januar 2017 zur Anschaffung eines eigenen Druckers entschlossen &#8211; der <a href=\"http:\/\/vertex3dprinter.eu\/producten\/vertex-nano\/\" target=\"_blank\">Vertex Nano<\/a> ist als Bausatz recht g\u00fcnstig und mit einer Schichtdicke von 0,1 mm f\u00fcr meine Zwecke hinreichend genau.<\/p>\n<p><a href=\"http:\/\/moba.noethlich.info\/wp-content\/uploads\/2015\/03\/vertex-nano.jpg\"><img loading=\"lazy\" decoding=\"async\" width=\"580\" height=\"886\" class=\"aligncenter size-full wp-image-710\" alt=\"\" src=\"http:\/\/moba.noethlich.info\/wp-content\/uploads\/2015\/03\/vertex-nano.jpg\" srcset=\"http:\/\/moba.noethlich.info\/wp-content\/uploads\/2015\/03\/vertex-nano.jpg 580w, http:\/\/moba.noethlich.info\/wp-content\/uploads\/2015\/03\/vertex-nano-196x300.jpg 196w\" sizes=\"auto, (max-width: 580px) 100vw, 580px\" \/><\/a><\/p>\n<p>F\u00fcr die Montage bis zum ersten Druck habe ich ca. 10 Stunden gebraucht.&nbsp;Der eingeschr\u00e4nkte Bauraum sollte f\u00fcr meine Anwendungen zun\u00e4chst mal kein Problem darstellen. Ich gehe davon aus, dass die Technik zuk\u00fcnftig sehr schnell preiswerter und qualitativ noch besser wird.<\/p>\n","protected":false},"excerpt":{"rendered":"<p>Bestand bisher die f\u00fcr den privaten Bastler einzig praktikable&nbsp;Methode zur Herstellung vieler gleicher Teile in der Erstellung eines Urmodells und anschlie\u00dfendem Erstellen einer Silikonform f\u00fcr Abg\u00fcsse z.B. aus Gips oder Resin, so stellt der 3D-Druck inzwischen eine saubere und erschwingliche Alternative dar. Mein erstes Projekt waren die Thermohauben f\u00fcr den Stahltransport &#8211; dokumentiert im Stummi-Forum [&hellip;]<\/p>\n","protected":false},"author":1,"featured_media":0,"parent":0,"menu_order":0,"comment_status":"closed","ping_status":"closed","template":"","meta":{"footnotes":""},"class_list":["post-393","page","type-page","status-publish","hentry"],"_links":{"self":[{"href":"http:\/\/moba.noethlich.info\/index.php?rest_route=\/wp\/v2\/pages\/393","targetHints":{"allow":["GET"]}}],"collection":[{"href":"http:\/\/moba.noethlich.info\/index.php?rest_route=\/wp\/v2\/pages"}],"about":[{"href":"http:\/\/moba.noethlich.info\/index.php?rest_route=\/wp\/v2\/types\/page"}],"author":[{"embeddable":true,"href":"http:\/\/moba.noethlich.info\/index.php?rest_route=\/wp\/v2\/users\/1"}],"replies":[{"embeddable":true,"href":"http:\/\/moba.noethlich.info\/index.php?rest_route=%2Fwp%2Fv2%2Fcomments&post=393"}],"version-history":[{"count":7,"href":"http:\/\/moba.noethlich.info\/index.php?rest_route=\/wp\/v2\/pages\/393\/revisions"}],"predecessor-version":[{"id":712,"href":"http:\/\/moba.noethlich.info\/index.php?rest_route=\/wp\/v2\/pages\/393\/revisions\/712"}],"wp:attachment":[{"href":"http:\/\/moba.noethlich.info\/index.php?rest_route=%2Fwp%2Fv2%2Fmedia&parent=393"}],"curies":[{"name":"wp","href":"https:\/\/api.w.org\/{rel}","templated":true}]}}