{"id":406,"date":"2015-03-06T21:20:26","date_gmt":"2015-03-06T20:20:26","guid":{"rendered":"http:\/\/moba.noethlich.info\/?page_id=406"},"modified":"2016-02-08T13:00:25","modified_gmt":"2016-02-08T12:00:25","slug":"145-spur-0","status":"publish","type":"page","link":"http:\/\/moba.noethlich.info\/?page_id=406","title":{"rendered":"1:45 &#8211; Spur 0"},"content":{"rendered":"<p>F\u00fcr Landschaftsgestaltung und Zugbetrieb ist die Baugr\u00f6\u00dfe H0 sicher eine ideale Gr\u00f6\u00dfe. In letzter Zeit stelle ich jedoch zunehmend fest, dass der Wunsch nach mehr Details immer mehr zu Lasten der Betriebssicherheit geht und\u00a0Selbstbau in vielen Bereichen zumindest bei mir an Grenzen st\u00f6\u00dft. Und w\u00e4hrend die L\u00e4ngenma\u00dfe sich in Null gegen\u00fcber H0 &#8222;nur&#8220; verdoppeln, so nimmt man doch eher das achtfache Volumen wahr.<\/p>\n<p>Der Einstieg in die gro\u00dfe Spur reizte mich\u00a0von Monat zu Monat mehr &#8211; und der Anfang ist nun gemacht. Der Ger\u00e4teschuppen hat mir in H0 schon gefallen, aber in doppelter Gr\u00f6\u00dfe kann man sich an der Einrichtung so richtig austoben:<\/p>\n<div id=\"attachment_408\" style=\"width: 1010px\" class=\"wp-caption aligncenter\"><a href=\"http:\/\/moba.noethlich.info\/wp-content\/uploads\/2015\/03\/2014-12-29-6157.jpg\"><img loading=\"lazy\" decoding=\"async\" aria-describedby=\"caption-attachment-408\" class=\"size-full wp-image-408\" src=\"http:\/\/moba.noethlich.info\/wp-content\/uploads\/2015\/03\/2014-12-29-6157.jpg\" alt=\"Ger\u00e4teschuppen JOSWOOD Art.Nr. 70300 \" width=\"1000\" height=\"730\" srcset=\"http:\/\/moba.noethlich.info\/wp-content\/uploads\/2015\/03\/2014-12-29-6157.jpg 1000w, http:\/\/moba.noethlich.info\/wp-content\/uploads\/2015\/03\/2014-12-29-6157-300x219.jpg 300w, http:\/\/moba.noethlich.info\/wp-content\/uploads\/2015\/03\/2014-12-29-6157-624x456.jpg 624w\" sizes=\"auto, (max-width: 1000px) 100vw, 1000px\" \/><\/a><p id=\"caption-attachment-408\" class=\"wp-caption-text\">Ger\u00e4teschuppen JOSWOOD Art.Nr. 70300<\/p><\/div>\n<p>Dies motiviert auch schnell zum Bau weiterer <a href=\"http:\/\/moba.noethlich.info\/?page_id=604\">Kleingeb\u00e4ude<\/a> in der &#8222;gro\u00dfen&#8220; Spur.<\/p>\n<p>Drei Wagen mussten auch schon mal &#8222;dran glauben&#8220; und ich stelle fest, dass sich meine Erfahrungen mit dem <a title=\"Fahrzeug-Alterung\" href=\"http:\/\/moba.noethlich.info\/?page_id=133\">Altern von H0-Fahrzeugen<\/a> sehr gut auf die gr\u00f6\u00dfere Spur \u00fcbertragen lassen.<\/p>\n<div id=\"attachment_438\" style=\"width: 1210px\" class=\"wp-caption aligncenter\"><a href=\"http:\/\/moba.noethlich.info\/wp-content\/uploads\/2015\/03\/2015-03-08-6218-Lenz-Gr20.jpg\"><img loading=\"lazy\" decoding=\"async\" aria-describedby=\"caption-attachment-438\" class=\"size-full wp-image-438\" src=\"http:\/\/moba.noethlich.info\/wp-content\/uploads\/2015\/03\/2015-03-08-6218-Lenz-Gr20.jpg\" alt=\"Lenz Gr20 gealtert\" width=\"1200\" height=\"730\" srcset=\"http:\/\/moba.noethlich.info\/wp-content\/uploads\/2015\/03\/2015-03-08-6218-Lenz-Gr20.jpg 1200w, http:\/\/moba.noethlich.info\/wp-content\/uploads\/2015\/03\/2015-03-08-6218-Lenz-Gr20-300x183.jpg 300w, http:\/\/moba.noethlich.info\/wp-content\/uploads\/2015\/03\/2015-03-08-6218-Lenz-Gr20-1024x623.jpg 1024w, http:\/\/moba.noethlich.info\/wp-content\/uploads\/2015\/03\/2015-03-08-6218-Lenz-Gr20-624x380.jpg 624w\" sizes=\"auto, (max-width: 1200px) 100vw, 1200px\" \/><\/a><p id=\"caption-attachment-438\" class=\"wp-caption-text\">Lenz Gr20 gealtert<\/p><\/div>\n<div id=\"attachment_409\" style=\"width: 1210px\" class=\"wp-caption aligncenter\"><a href=\"http:\/\/moba.noethlich.info\/wp-content\/uploads\/2015\/03\/2015-03-06-6204-Lenz-Om12.jpg\"><img loading=\"lazy\" decoding=\"async\" aria-describedby=\"caption-attachment-409\" class=\"size-full wp-image-409\" src=\"http:\/\/moba.noethlich.info\/wp-content\/uploads\/2015\/03\/2015-03-06-6204-Lenz-Om12.jpg\" alt=\"Lenz Om12 gealtert\" width=\"1200\" height=\"504\" srcset=\"http:\/\/moba.noethlich.info\/wp-content\/uploads\/2015\/03\/2015-03-06-6204-Lenz-Om12.jpg 1200w, http:\/\/moba.noethlich.info\/wp-content\/uploads\/2015\/03\/2015-03-06-6204-Lenz-Om12-300x126.jpg 300w, http:\/\/moba.noethlich.info\/wp-content\/uploads\/2015\/03\/2015-03-06-6204-Lenz-Om12-1024x430.jpg 1024w, http:\/\/moba.noethlich.info\/wp-content\/uploads\/2015\/03\/2015-03-06-6204-Lenz-Om12-624x262.jpg 624w\" sizes=\"auto, (max-width: 1200px) 100vw, 1200px\" \/><\/a><p id=\"caption-attachment-409\" class=\"wp-caption-text\">Lenz Om12 gealtert<\/p><\/div>\n<p>Ladegut geh\u00f6rt hier nat\u00fcrlich auch dazu (vgl. Beitrag <a title=\"F\u00e4sser f\u00fcr Bodorf\" href=\"http:\/\/moba.noethlich.info\/?page_id=431\">F\u00e4sser f\u00fcr Bodorf<\/a>):<\/p>\n<div id=\"attachment_410\" style=\"width: 1210px\" class=\"wp-caption aligncenter\"><a href=\"http:\/\/moba.noethlich.info\/wp-content\/uploads\/2015\/03\/2015-03-06-6205-Lenz-Om12.jpg\"><img loading=\"lazy\" decoding=\"async\" aria-describedby=\"caption-attachment-410\" class=\"size-full wp-image-410\" src=\"http:\/\/moba.noethlich.info\/wp-content\/uploads\/2015\/03\/2015-03-06-6205-Lenz-Om12.jpg\" alt=\"Lenz Om12 mit Ladeboden von MOEBO und F\u00e4ssern aus dem 3D-Drucker\" width=\"1200\" height=\"611\" srcset=\"http:\/\/moba.noethlich.info\/wp-content\/uploads\/2015\/03\/2015-03-06-6205-Lenz-Om12.jpg 1200w, http:\/\/moba.noethlich.info\/wp-content\/uploads\/2015\/03\/2015-03-06-6205-Lenz-Om12-300x153.jpg 300w, http:\/\/moba.noethlich.info\/wp-content\/uploads\/2015\/03\/2015-03-06-6205-Lenz-Om12-1024x521.jpg 1024w, http:\/\/moba.noethlich.info\/wp-content\/uploads\/2015\/03\/2015-03-06-6205-Lenz-Om12-624x318.jpg 624w\" sizes=\"auto, (max-width: 1200px) 100vw, 1200px\" \/><\/a><p id=\"caption-attachment-410\" class=\"wp-caption-text\">Lenz Om12 mit Ladeboden von MOEBO und F\u00e4ssern aus dem 3D-Drucker<\/p><\/div>\n<div id=\"attachment_465\" style=\"width: 1210px\" class=\"wp-caption aligncenter\"><a href=\"http:\/\/moba.noethlich.info\/wp-content\/uploads\/2015\/03\/2015-03-12-6234-Fass-Ladung-verpixelt.jpg\"><img loading=\"lazy\" decoding=\"async\" aria-describedby=\"caption-attachment-465\" class=\"size-full wp-image-465\" src=\"http:\/\/moba.noethlich.info\/wp-content\/uploads\/2015\/03\/2015-03-12-6234-Fass-Ladung-verpixelt.jpg\" alt=\"Version 2 der F\u00e4sser mit aufgeklebter Banderole\" width=\"1200\" height=\"613\" srcset=\"http:\/\/moba.noethlich.info\/wp-content\/uploads\/2015\/03\/2015-03-12-6234-Fass-Ladung-verpixelt.jpg 1200w, http:\/\/moba.noethlich.info\/wp-content\/uploads\/2015\/03\/2015-03-12-6234-Fass-Ladung-verpixelt-300x153.jpg 300w, http:\/\/moba.noethlich.info\/wp-content\/uploads\/2015\/03\/2015-03-12-6234-Fass-Ladung-verpixelt-1024x523.jpg 1024w, http:\/\/moba.noethlich.info\/wp-content\/uploads\/2015\/03\/2015-03-12-6234-Fass-Ladung-verpixelt-624x319.jpg 624w\" sizes=\"auto, (max-width: 1200px) 100vw, 1200px\" \/><\/a><p id=\"caption-attachment-465\" class=\"wp-caption-text\">Version 2 der F\u00e4sser mit aufgeklebter Banderole<\/p><\/div>\n<p>Sicher ist jedenfalls jetzt schon, dass ich hier dranbleiben werde.\u00a0Mein Ziel in dieser Spurweite ist es, beim Zubeh\u00f6r einen m\u00f6glichst hohen Anteil an &#8222;Eigenbau&#8220; zu erreichen.<\/p>\n","protected":false},"excerpt":{"rendered":"<p>F\u00fcr Landschaftsgestaltung und Zugbetrieb ist die Baugr\u00f6\u00dfe H0 sicher eine ideale Gr\u00f6\u00dfe. In letzter Zeit stelle ich jedoch zunehmend fest, dass der Wunsch nach mehr Details immer mehr zu Lasten der Betriebssicherheit geht und\u00a0Selbstbau in vielen Bereichen zumindest bei mir an Grenzen st\u00f6\u00dft. Und w\u00e4hrend die L\u00e4ngenma\u00dfe sich in Null gegen\u00fcber H0 &#8222;nur&#8220; verdoppeln, so [&hellip;]<\/p>\n","protected":false},"author":1,"featured_media":0,"parent":0,"menu_order":0,"comment_status":"closed","ping_status":"closed","template":"","meta":{"footnotes":""},"class_list":["post-406","page","type-page","status-publish","hentry"],"_links":{"self":[{"href":"http:\/\/moba.noethlich.info\/index.php?rest_route=\/wp\/v2\/pages\/406","targetHints":{"allow":["GET"]}}],"collection":[{"href":"http:\/\/moba.noethlich.info\/index.php?rest_route=\/wp\/v2\/pages"}],"about":[{"href":"http:\/\/moba.noethlich.info\/index.php?rest_route=\/wp\/v2\/types\/page"}],"author":[{"embeddable":true,"href":"http:\/\/moba.noethlich.info\/index.php?rest_route=\/wp\/v2\/users\/1"}],"replies":[{"embeddable":true,"href":"http:\/\/moba.noethlich.info\/index.php?rest_route=%2Fwp%2Fv2%2Fcomments&post=406"}],"version-history":[{"count":17,"href":"http:\/\/moba.noethlich.info\/index.php?rest_route=\/wp\/v2\/pages\/406\/revisions"}],"predecessor-version":[{"id":612,"href":"http:\/\/moba.noethlich.info\/index.php?rest_route=\/wp\/v2\/pages\/406\/revisions\/612"}],"wp:attachment":[{"href":"http:\/\/moba.noethlich.info\/index.php?rest_route=%2Fwp%2Fv2%2Fmedia&parent=406"}],"curies":[{"name":"wp","href":"https:\/\/api.w.org\/{rel}","templated":true}]}}