{"id":604,"date":"2016-02-08T12:52:37","date_gmt":"2016-02-08T11:52:37","guid":{"rendered":"http:\/\/moba.noethlich.info\/?page_id=604"},"modified":"2016-09-10T15:43:47","modified_gmt":"2016-09-10T13:43:47","slug":"kleingebaeude","status":"publish","type":"page","link":"http:\/\/moba.noethlich.info\/?page_id=604","title":{"rendered":"Kleingeb\u00e4ude"},"content":{"rendered":"<p>Mein erster Geb\u00e4udebausatz in Spur 0 war der Ger\u00e4teschuppe von <a href=\"http:\/\/lasercut-welten.de\/\" target=\"_blank\">Joswood<\/a> (Art.Nr. 70300), der mir auch in der H0-Gr\u00f6\u00dfe schon sehr gut gefallen hatte:<\/p>\n<p><a href=\"http:\/\/moba.noethlich.info\/wp-content\/uploads\/2015\/03\/2014-12-29-6157.jpg\" rel=\"attachment wp-att-408\"><img loading=\"lazy\" decoding=\"async\" class=\"size-full wp-image-408\" src=\"http:\/\/moba.noethlich.info\/wp-content\/uploads\/2015\/03\/2014-12-29-6157.jpg\" alt=\"Ger\u00e4teschuppen JOSWOOD Art.Nr. 70300 \" width=\"1000\" height=\"730\" srcset=\"http:\/\/moba.noethlich.info\/wp-content\/uploads\/2015\/03\/2014-12-29-6157.jpg 1000w, http:\/\/moba.noethlich.info\/wp-content\/uploads\/2015\/03\/2014-12-29-6157-300x219.jpg 300w, http:\/\/moba.noethlich.info\/wp-content\/uploads\/2015\/03\/2014-12-29-6157-624x456.jpg 624w\" sizes=\"auto, (max-width: 1000px) 100vw, 1000px\" \/><\/a><\/p>\n<p><a href=\"http:\/\/moba.noethlich.info\/wp-content\/uploads\/2016\/02\/2014-12-29-6161.jpg\" rel=\"attachment wp-att-613\"><img loading=\"lazy\" decoding=\"async\" class=\"aligncenter size-full wp-image-613\" src=\"http:\/\/moba.noethlich.info\/wp-content\/uploads\/2016\/02\/2014-12-29-6161.jpg\" alt=\"2014-12-29-6161\" width=\"1200\" height=\"833\" srcset=\"http:\/\/moba.noethlich.info\/wp-content\/uploads\/2016\/02\/2014-12-29-6161.jpg 1200w, http:\/\/moba.noethlich.info\/wp-content\/uploads\/2016\/02\/2014-12-29-6161-300x208.jpg 300w, http:\/\/moba.noethlich.info\/wp-content\/uploads\/2016\/02\/2014-12-29-6161-768x533.jpg 768w, http:\/\/moba.noethlich.info\/wp-content\/uploads\/2016\/02\/2014-12-29-6161-1024x711.jpg 1024w, http:\/\/moba.noethlich.info\/wp-content\/uploads\/2016\/02\/2014-12-29-6161-624x433.jpg 624w\" sizes=\"auto, (max-width: 1200px) 100vw, 1200px\" \/><\/a><\/p>\n<p>Danach folgte (ebenfalls von<a href=\"http:\/\/lasercut-welten.de\/\" target=\"_blank\"> Joswood<\/a>, Art.Nr. 70003) f\u00fcr mein <a href=\"http:\/\/moba.noethlich.info\/?page_id=518\">Betriebsdiorama<\/a> der Haltepunkt Wilhelmsthal:<\/p>\n<p><a href=\"http:\/\/moba.noethlich.info\/wp-content\/uploads\/2015\/07\/2015-07-25-6261.jpg\" rel=\"attachment wp-att-538\"><img loading=\"lazy\" decoding=\"async\" class=\"aligncenter size-full wp-image-538\" src=\"http:\/\/moba.noethlich.info\/wp-content\/uploads\/2015\/07\/2015-07-25-6261.jpg\" alt=\"2015-07-25-6261\" width=\"1000\" height=\"733\" srcset=\"http:\/\/moba.noethlich.info\/wp-content\/uploads\/2015\/07\/2015-07-25-6261.jpg 1000w, http:\/\/moba.noethlich.info\/wp-content\/uploads\/2015\/07\/2015-07-25-6261-300x220.jpg 300w, http:\/\/moba.noethlich.info\/wp-content\/uploads\/2015\/07\/2015-07-25-6261-624x457.jpg 624w\" sizes=\"auto, (max-width: 1000px) 100vw, 1000px\" \/><\/a><\/p>\n<p>Und als drittes Bauwerk entstand nun aus dem Sortiment von <a href=\"http:\/\/www.mehbu-lasertechnik.de\/\" target=\"_blank\">Mehbu<\/a> das Postengeb\u00e4ude &#8222;Schalke Nord&#8220; (Art.Nr. 40204):<\/p>\n<p><a href=\"http:\/\/moba.noethlich.info\/wp-content\/uploads\/2016\/02\/2016-01-24-6477b.jpg\" rel=\"attachment wp-att-605\"><img loading=\"lazy\" decoding=\"async\" class=\"aligncenter size-full wp-image-605\" src=\"http:\/\/moba.noethlich.info\/wp-content\/uploads\/2016\/02\/2016-01-24-6477b.jpg\" alt=\"2016-01-24-6477b\" width=\"1200\" height=\"880\" srcset=\"http:\/\/moba.noethlich.info\/wp-content\/uploads\/2016\/02\/2016-01-24-6477b.jpg 1200w, http:\/\/moba.noethlich.info\/wp-content\/uploads\/2016\/02\/2016-01-24-6477b-300x220.jpg 300w, http:\/\/moba.noethlich.info\/wp-content\/uploads\/2016\/02\/2016-01-24-6477b-768x563.jpg 768w, http:\/\/moba.noethlich.info\/wp-content\/uploads\/2016\/02\/2016-01-24-6477b-1024x751.jpg 1024w, http:\/\/moba.noethlich.info\/wp-content\/uploads\/2016\/02\/2016-01-24-6477b-624x458.jpg 624w\" sizes=\"auto, (max-width: 1200px) 100vw, 1200px\" \/><\/a><a href=\"http:\/\/moba.noethlich.info\/wp-content\/uploads\/2016\/02\/2016-01-24-6478b.jpg\" rel=\"attachment wp-att-606\"><img loading=\"lazy\" decoding=\"async\" class=\"aligncenter size-full wp-image-606\" src=\"http:\/\/moba.noethlich.info\/wp-content\/uploads\/2016\/02\/2016-01-24-6478b.jpg\" alt=\"2016-01-24-6478b\" width=\"1200\" height=\"906\" srcset=\"http:\/\/moba.noethlich.info\/wp-content\/uploads\/2016\/02\/2016-01-24-6478b.jpg 1200w, http:\/\/moba.noethlich.info\/wp-content\/uploads\/2016\/02\/2016-01-24-6478b-300x227.jpg 300w, http:\/\/moba.noethlich.info\/wp-content\/uploads\/2016\/02\/2016-01-24-6478b-768x580.jpg 768w, http:\/\/moba.noethlich.info\/wp-content\/uploads\/2016\/02\/2016-01-24-6478b-1024x773.jpg 1024w, http:\/\/moba.noethlich.info\/wp-content\/uploads\/2016\/02\/2016-01-24-6478b-624x471.jpg 624w\" sizes=\"auto, (max-width: 1200px) 100vw, 1200px\" \/><\/a><a href=\"http:\/\/moba.noethlich.info\/wp-content\/uploads\/2016\/02\/2016-01-24-6484b.jpg\" rel=\"attachment wp-att-607\"><img loading=\"lazy\" decoding=\"async\" class=\"aligncenter size-full wp-image-607\" src=\"http:\/\/moba.noethlich.info\/wp-content\/uploads\/2016\/02\/2016-01-24-6484b.jpg\" alt=\"2016-01-24-6484b\" width=\"1200\" height=\"961\" srcset=\"http:\/\/moba.noethlich.info\/wp-content\/uploads\/2016\/02\/2016-01-24-6484b.jpg 1200w, http:\/\/moba.noethlich.info\/wp-content\/uploads\/2016\/02\/2016-01-24-6484b-300x240.jpg 300w, http:\/\/moba.noethlich.info\/wp-content\/uploads\/2016\/02\/2016-01-24-6484b-768x615.jpg 768w, http:\/\/moba.noethlich.info\/wp-content\/uploads\/2016\/02\/2016-01-24-6484b-1024x820.jpg 1024w, http:\/\/moba.noethlich.info\/wp-content\/uploads\/2016\/02\/2016-01-24-6484b-624x500.jpg 624w\" sizes=\"auto, (max-width: 1200px) 100vw, 1200px\" \/><\/a><a href=\"http:\/\/moba.noethlich.info\/wp-content\/uploads\/2016\/02\/2016-08-27-Posten.jpg\"><img loading=\"lazy\" decoding=\"async\" class=\"aligncenter size-full wp-image-657\" src=\"http:\/\/moba.noethlich.info\/wp-content\/uploads\/2016\/02\/2016-08-27-Posten.jpg\" alt=\"2016-08-27-posten\" width=\"1200\" height=\"614\" srcset=\"http:\/\/moba.noethlich.info\/wp-content\/uploads\/2016\/02\/2016-08-27-Posten.jpg 1200w, http:\/\/moba.noethlich.info\/wp-content\/uploads\/2016\/02\/2016-08-27-Posten-300x154.jpg 300w, http:\/\/moba.noethlich.info\/wp-content\/uploads\/2016\/02\/2016-08-27-Posten-768x393.jpg 768w, http:\/\/moba.noethlich.info\/wp-content\/uploads\/2016\/02\/2016-08-27-Posten-1024x524.jpg 1024w, http:\/\/moba.noethlich.info\/wp-content\/uploads\/2016\/02\/2016-08-27-Posten-624x319.jpg 624w\" sizes=\"auto, (max-width: 1200px) 100vw, 1200px\" \/><\/a><a href=\"http:\/\/moba.noethlich.info\/wp-content\/uploads\/2016\/02\/2016-08-28-Posten.jpg\"><img loading=\"lazy\" decoding=\"async\" class=\"aligncenter size-full wp-image-659\" src=\"http:\/\/moba.noethlich.info\/wp-content\/uploads\/2016\/02\/2016-08-28-Posten.jpg\" alt=\"2016-08-28-posten\" width=\"1200\" height=\"796\" srcset=\"http:\/\/moba.noethlich.info\/wp-content\/uploads\/2016\/02\/2016-08-28-Posten.jpg 1200w, http:\/\/moba.noethlich.info\/wp-content\/uploads\/2016\/02\/2016-08-28-Posten-300x199.jpg 300w, http:\/\/moba.noethlich.info\/wp-content\/uploads\/2016\/02\/2016-08-28-Posten-768x509.jpg 768w, http:\/\/moba.noethlich.info\/wp-content\/uploads\/2016\/02\/2016-08-28-Posten-1024x679.jpg 1024w, http:\/\/moba.noethlich.info\/wp-content\/uploads\/2016\/02\/2016-08-28-Posten-624x414.jpg 624w\" sizes=\"auto, (max-width: 1200px) 100vw, 1200px\" \/><\/a><\/p>\n<p>Wird fortgesetzt &#8230;<\/p>\n","protected":false},"excerpt":{"rendered":"<p>Mein erster Geb\u00e4udebausatz in Spur 0 war der Ger\u00e4teschuppe von Joswood (Art.Nr. 70300), der mir auch in der H0-Gr\u00f6\u00dfe schon sehr gut gefallen hatte: Danach folgte (ebenfalls von Joswood, Art.Nr. 70003) f\u00fcr mein Betriebsdiorama der Haltepunkt Wilhelmsthal: Und als drittes Bauwerk entstand nun aus dem Sortiment von Mehbu das Postengeb\u00e4ude &#8222;Schalke Nord&#8220; (Art.Nr. 40204): Wird [&hellip;]<\/p>\n","protected":false},"author":1,"featured_media":0,"parent":406,"menu_order":0,"comment_status":"closed","ping_status":"closed","template":"","meta":{"footnotes":""},"class_list":["post-604","page","type-page","status-publish","hentry"],"_links":{"self":[{"href":"http:\/\/moba.noethlich.info\/index.php?rest_route=\/wp\/v2\/pages\/604","targetHints":{"allow":["GET"]}}],"collection":[{"href":"http:\/\/moba.noethlich.info\/index.php?rest_route=\/wp\/v2\/pages"}],"about":[{"href":"http:\/\/moba.noethlich.info\/index.php?rest_route=\/wp\/v2\/types\/page"}],"author":[{"embeddable":true,"href":"http:\/\/moba.noethlich.info\/index.php?rest_route=\/wp\/v2\/users\/1"}],"replies":[{"embeddable":true,"href":"http:\/\/moba.noethlich.info\/index.php?rest_route=%2Fwp%2Fv2%2Fcomments&post=604"}],"version-history":[{"count":7,"href":"http:\/\/moba.noethlich.info\/index.php?rest_route=\/wp\/v2\/pages\/604\/revisions"}],"predecessor-version":[{"id":660,"href":"http:\/\/moba.noethlich.info\/index.php?rest_route=\/wp\/v2\/pages\/604\/revisions\/660"}],"up":[{"embeddable":true,"href":"http:\/\/moba.noethlich.info\/index.php?rest_route=\/wp\/v2\/pages\/406"}],"wp:attachment":[{"href":"http:\/\/moba.noethlich.info\/index.php?rest_route=%2Fwp%2Fv2%2Fmedia&parent=604"}],"curies":[{"name":"wp","href":"https:\/\/api.w.org\/{rel}","templated":true}]}}