{"id":684,"date":"2016-12-26T11:40:25","date_gmt":"2016-12-26T10:40:25","guid":{"rendered":"http:\/\/moba.noethlich.info\/?page_id=684"},"modified":"2016-12-26T11:49:51","modified_gmt":"2016-12-26T10:49:51","slug":"optokoppler","status":"publish","type":"page","link":"http:\/\/moba.noethlich.info\/?page_id=684","title":{"rendered":"Optokoppler"},"content":{"rendered":"<p>Zur galvanisch getrennten Kopplung von Ger\u00e4ten mit dem Arduino bieten sich Optokoppler an. Das Prinzip&nbsp;findet man bei Wikipedia ( <!-- m --><a title=\"Opens in new window\" class=\"postlink elonw\" href=\"https:\/\/de.wikipedia.org\/wiki\/Optokoppler\" target=\"_blank\" rel=\"nofollow\"><span style=\"color: rgb(0, 102, 204);\">https:\/\/de.wikipedia.org\/wiki\/Optokoppler<\/span><\/a><!-- m --> ) erkl\u00e4rt. Die Optokoppler k\u00f6nnen&nbsp;vor Eing\u00e4ngen genutzt werden, um z.B. den Arduino mittels \u00fcblicher Weichendekoder anzusteuern:<\/p>\n<p><a href=\"http:\/\/moba.noethlich.info\/wp-content\/uploads\/2016\/12\/K83-Optokoppler-Arduino.png\"><img loading=\"lazy\" decoding=\"async\" width=\"866\" height=\"512\" class=\"aligncenter size-full wp-image-685\" alt=\"\" src=\"http:\/\/moba.noethlich.info\/wp-content\/uploads\/2016\/12\/K83-Optokoppler-Arduino.png\" srcset=\"http:\/\/moba.noethlich.info\/wp-content\/uploads\/2016\/12\/K83-Optokoppler-Arduino.png 866w, http:\/\/moba.noethlich.info\/wp-content\/uploads\/2016\/12\/K83-Optokoppler-Arduino-300x177.png 300w, http:\/\/moba.noethlich.info\/wp-content\/uploads\/2016\/12\/K83-Optokoppler-Arduino-768x454.png 768w, http:\/\/moba.noethlich.info\/wp-content\/uploads\/2016\/12\/K83-Optokoppler-Arduino-624x369.png 624w\" sizes=\"auto, (max-width: 866px) 100vw, 866px\" \/><\/a><\/p>\n<p>Sie k\u00f6nnen aber auch zum Ausl\u00f6sen von Taster-Eing\u00e4ngen weiterer Schaltungen wie z.B. Soundmodulen dienen:<\/p>\n<p><a href=\"http:\/\/moba.noethlich.info\/wp-content\/uploads\/2016\/12\/Arduino-Optokoppler-Fremdmodul.png\"><img loading=\"lazy\" decoding=\"async\" width=\"547\" height=\"526\" class=\"aligncenter size-full wp-image-686\" alt=\"\" src=\"http:\/\/moba.noethlich.info\/wp-content\/uploads\/2016\/12\/Arduino-Optokoppler-Fremdmodul.png\" srcset=\"http:\/\/moba.noethlich.info\/wp-content\/uploads\/2016\/12\/Arduino-Optokoppler-Fremdmodul.png 547w, http:\/\/moba.noethlich.info\/wp-content\/uploads\/2016\/12\/Arduino-Optokoppler-Fremdmodul-300x288.png 300w\" sizes=\"auto, (max-width: 547px) 100vw, 547px\" \/><\/a><\/p>\n<p>Je nach konkreter Anwendung k\u00f6nnen verschiedene Bauformen zum Einsatz kommen &#8211; so gibt es&nbsp;auch ICs, die direkt mehrere&nbsp;Optokoppler in einem Geh\u00e4use enthalten. Der Typ LTV826 enth\u00e4lt z.B. zwei Optokoppler und bietet sich so im Zusammenspiel mit den zwei Ausg\u00e4ngen eines&nbsp;Weichendekoders an.<\/p>\n","protected":false},"excerpt":{"rendered":"<p>Zur galvanisch getrennten Kopplung von Ger\u00e4ten mit dem Arduino bieten sich Optokoppler an. Das Prinzip&nbsp;findet man bei Wikipedia ( https:\/\/de.wikipedia.org\/wiki\/Optokoppler ) erkl\u00e4rt. Die Optokoppler k\u00f6nnen&nbsp;vor Eing\u00e4ngen genutzt werden, um z.B. den Arduino mittels \u00fcblicher Weichendekoder anzusteuern: Sie k\u00f6nnen aber auch zum Ausl\u00f6sen von Taster-Eing\u00e4ngen weiterer Schaltungen wie z.B. Soundmodulen dienen: Je nach konkreter Anwendung k\u00f6nnen [&hellip;]<\/p>\n","protected":false},"author":1,"featured_media":0,"parent":662,"menu_order":0,"comment_status":"closed","ping_status":"closed","template":"","meta":{"footnotes":""},"class_list":["post-684","page","type-page","status-publish","hentry"],"_links":{"self":[{"href":"http:\/\/moba.noethlich.info\/index.php?rest_route=\/wp\/v2\/pages\/684","targetHints":{"allow":["GET"]}}],"collection":[{"href":"http:\/\/moba.noethlich.info\/index.php?rest_route=\/wp\/v2\/pages"}],"about":[{"href":"http:\/\/moba.noethlich.info\/index.php?rest_route=\/wp\/v2\/types\/page"}],"author":[{"embeddable":true,"href":"http:\/\/moba.noethlich.info\/index.php?rest_route=\/wp\/v2\/users\/1"}],"replies":[{"embeddable":true,"href":"http:\/\/moba.noethlich.info\/index.php?rest_route=%2Fwp%2Fv2%2Fcomments&post=684"}],"version-history":[{"count":4,"href":"http:\/\/moba.noethlich.info\/index.php?rest_route=\/wp\/v2\/pages\/684\/revisions"}],"predecessor-version":[{"id":691,"href":"http:\/\/moba.noethlich.info\/index.php?rest_route=\/wp\/v2\/pages\/684\/revisions\/691"}],"up":[{"embeddable":true,"href":"http:\/\/moba.noethlich.info\/index.php?rest_route=\/wp\/v2\/pages\/662"}],"wp:attachment":[{"href":"http:\/\/moba.noethlich.info\/index.php?rest_route=%2Fwp%2Fv2%2Fmedia&parent=684"}],"curies":[{"name":"wp","href":"https:\/\/api.w.org\/{rel}","templated":true}]}}