{"id":737,"date":"2018-05-29T13:05:12","date_gmt":"2018-05-29T11:05:12","guid":{"rendered":"http:\/\/moba.noethlich.info\/?page_id=737"},"modified":"2018-05-29T13:43:43","modified_gmt":"2018-05-29T11:43:43","slug":"attiny-programmer","status":"publish","type":"page","link":"http:\/\/moba.noethlich.info\/?page_id=737","title":{"rendered":"ATtiny-Programmer"},"content":{"rendered":"<p>Der Arduino kann nicht nur selbst als aktives Bauteil eingesetzt werden, sondern mit Hilfe eines in den Beispielen mitgelieferten Sketches auch als ISP-Programmer f\u00fcr die kleinen ATtiny-Mikroprozessoren (13\/44\/45\/84\/85) dienen.<br \/>\nUm den Vorgang einfach und bequem zu gestalten, habe ich ein entsprechendes Programmer-Shield entworfen, welches einfach auf den Arduino UNO aufgesteckt werden kann:<br \/>\n<a href=\"http:\/\/moba.noethlich.info\/wp-content\/uploads\/2018\/05\/tiny-programmer-shield-fzz.png\"><img loading=\"lazy\" decoding=\"async\" src=\"http:\/\/moba.noethlich.info\/wp-content\/uploads\/2018\/05\/tiny-programmer-shield-fzz-300x101.png\" alt=\"\" width=\"300\" height=\"101\" class=\"aligncenter size-medium wp-image-738\" srcset=\"http:\/\/moba.noethlich.info\/wp-content\/uploads\/2018\/05\/tiny-programmer-shield-fzz-300x101.png 300w, http:\/\/moba.noethlich.info\/wp-content\/uploads\/2018\/05\/tiny-programmer-shield-fzz-624x210.png 624w, http:\/\/moba.noethlich.info\/wp-content\/uploads\/2018\/05\/tiny-programmer-shield-fzz.png 729w\" sizes=\"auto, (max-width: 300px) 100vw, 300px\" \/><\/a><br \/>\nDas Shield wurde mit <a href=\"http:\/\/fritzing.org\" rel=\"noopener\" target=\"_blank\">Fritzing<\/a> gezeichnet und bei <a href=\"https:\/\/aisler.net\/\" rel=\"noopener\" target=\"_blank\">AISLER<\/a> gefertigt. Wenn meine Tests auch mit den ATtiny84 (bisher habe ich nur ATtiny13 und 85 getestet) erfolgreich sind, werde ich die Platine bei AISLER f\u00fcr Bestellungen freigeben.<br \/>\n<a href=\"http:\/\/moba.noethlich.info\/wp-content\/uploads\/2018\/05\/tiny-programmer-shield.png\"><img loading=\"lazy\" decoding=\"async\" src=\"http:\/\/moba.noethlich.info\/wp-content\/uploads\/2018\/05\/tiny-programmer-shield-300x98.png\" alt=\"\" width=\"300\" height=\"98\" class=\"aligncenter size-medium wp-image-739\" srcset=\"http:\/\/moba.noethlich.info\/wp-content\/uploads\/2018\/05\/tiny-programmer-shield-300x98.png 300w, http:\/\/moba.noethlich.info\/wp-content\/uploads\/2018\/05\/tiny-programmer-shield-768x250.png 768w, http:\/\/moba.noethlich.info\/wp-content\/uploads\/2018\/05\/tiny-programmer-shield-1024x334.png 1024w, http:\/\/moba.noethlich.info\/wp-content\/uploads\/2018\/05\/tiny-programmer-shield-624x203.png 624w, http:\/\/moba.noethlich.info\/wp-content\/uploads\/2018\/05\/tiny-programmer-shield.png 1031w\" sizes=\"auto, (max-width: 300px) 100vw, 300px\" \/><\/a><br \/>\nW\u00e4hrend der 10\u00b5F-Kondensator und der IC-Sockel f\u00fcr den Mikroprozessor f\u00fcr die Funktion erforderlich sind, k\u00f6nnen die LEDs mit ihren Vorwiderst\u00e4nden auch weggelassen werden &#8211; die Funktion des Programmers wird dadurch nicht beeintr\u00e4chtigt.<br \/>\n<a href=\"http:\/\/moba.noethlich.info\/wp-content\/uploads\/2018\/05\/Programmer2.jpg\"><img loading=\"lazy\" decoding=\"async\" src=\"http:\/\/moba.noethlich.info\/wp-content\/uploads\/2018\/05\/Programmer2-300x127.jpg\" alt=\"\" width=\"300\" height=\"127\" class=\"aligncenter size-medium wp-image-740\" srcset=\"http:\/\/moba.noethlich.info\/wp-content\/uploads\/2018\/05\/Programmer2-300x127.jpg 300w, http:\/\/moba.noethlich.info\/wp-content\/uploads\/2018\/05\/Programmer2-768x324.jpg 768w, http:\/\/moba.noethlich.info\/wp-content\/uploads\/2018\/05\/Programmer2-624x264.jpg 624w, http:\/\/moba.noethlich.info\/wp-content\/uploads\/2018\/05\/Programmer2.jpg 800w\" sizes=\"auto, (max-width: 300px) 100vw, 300px\" \/><\/a><br \/>\nF\u00fcr die kurzschlusssichere Bedienung auf dem Basteltisch ist dann im 3D-Druck noch ein passendes Geh\u00e4use entstanden:<br \/>\n<a href=\"http:\/\/moba.noethlich.info\/wp-content\/uploads\/2018\/05\/Programmer4.jpg\"><img loading=\"lazy\" decoding=\"async\" src=\"http:\/\/moba.noethlich.info\/wp-content\/uploads\/2018\/05\/Programmer4-300x276.jpg\" alt=\"\" width=\"300\" height=\"276\" class=\"aligncenter size-medium wp-image-741\" srcset=\"http:\/\/moba.noethlich.info\/wp-content\/uploads\/2018\/05\/Programmer4-300x276.jpg 300w, http:\/\/moba.noethlich.info\/wp-content\/uploads\/2018\/05\/Programmer4-768x706.jpg 768w, http:\/\/moba.noethlich.info\/wp-content\/uploads\/2018\/05\/Programmer4-624x573.jpg 624w, http:\/\/moba.noethlich.info\/wp-content\/uploads\/2018\/05\/Programmer4.jpg 800w\" sizes=\"auto, (max-width: 300px) 100vw, 300px\" \/><\/a><br \/>\nWer das Geh\u00e4use nachdrucken m\u00f6chte, kann sich die STL-Dateien \u00fcber den folgenden Link herunterladen: <a href=\"http:\/\/moba.noethlich.info\/wp-content\/uploads\/2018\/05\/arduino-box-programmer.zip\">arduino-box-programmer.zip<\/a><\/p>\n","protected":false},"excerpt":{"rendered":"<p>Der Arduino kann nicht nur selbst als aktives Bauteil eingesetzt werden, sondern mit Hilfe eines in den Beispielen mitgelieferten Sketches auch als ISP-Programmer f\u00fcr die kleinen ATtiny-Mikroprozessoren (13\/44\/45\/84\/85) dienen. Um den Vorgang einfach und bequem zu gestalten, habe ich ein entsprechendes Programmer-Shield entworfen, welches einfach auf den Arduino UNO aufgesteckt werden kann: Das Shield wurde [&hellip;]<\/p>\n","protected":false},"author":1,"featured_media":0,"parent":17,"menu_order":0,"comment_status":"closed","ping_status":"closed","template":"","meta":{"footnotes":""},"class_list":["post-737","page","type-page","status-publish","hentry"],"_links":{"self":[{"href":"http:\/\/moba.noethlich.info\/index.php?rest_route=\/wp\/v2\/pages\/737","targetHints":{"allow":["GET"]}}],"collection":[{"href":"http:\/\/moba.noethlich.info\/index.php?rest_route=\/wp\/v2\/pages"}],"about":[{"href":"http:\/\/moba.noethlich.info\/index.php?rest_route=\/wp\/v2\/types\/page"}],"author":[{"embeddable":true,"href":"http:\/\/moba.noethlich.info\/index.php?rest_route=\/wp\/v2\/users\/1"}],"replies":[{"embeddable":true,"href":"http:\/\/moba.noethlich.info\/index.php?rest_route=%2Fwp%2Fv2%2Fcomments&post=737"}],"version-history":[{"count":9,"href":"http:\/\/moba.noethlich.info\/index.php?rest_route=\/wp\/v2\/pages\/737\/revisions"}],"predecessor-version":[{"id":754,"href":"http:\/\/moba.noethlich.info\/index.php?rest_route=\/wp\/v2\/pages\/737\/revisions\/754"}],"up":[{"embeddable":true,"href":"http:\/\/moba.noethlich.info\/index.php?rest_route=\/wp\/v2\/pages\/17"}],"wp:attachment":[{"href":"http:\/\/moba.noethlich.info\/index.php?rest_route=%2Fwp%2Fv2%2Fmedia&parent=737"}],"curies":[{"name":"wp","href":"https:\/\/api.w.org\/{rel}","templated":true}]}}