{"id":772,"date":"2018-08-04T13:39:17","date_gmt":"2018-08-04T11:39:17","guid":{"rendered":"http:\/\/moba.noethlich.info\/?page_id=772"},"modified":"2018-08-04T13:39:17","modified_gmt":"2018-08-04T11:39:17","slug":"faesser-fuer-den-omm52","status":"publish","type":"page","link":"http:\/\/moba.noethlich.info\/?page_id=772","title":{"rendered":"F\u00e4sser f\u00fcr den Omm52"},"content":{"rendered":"<p>Waren meine ersten Versuche mit F\u00e4ssern im 3D-Druck-Verfahren (<a href=\"http:\/\/moba.noethlich.info\/?page_id=431\">F\u00e4sser f\u00fcr Bodorf<\/a>) noch etwas ern\u00fcchternd, habe ich das Thema &#8222;F\u00e4sser&#8220; f\u00fcr den Omm52 mit eigenem Drucker, besserer Qualit\u00e4t und geringeren Materialkosten wieder hervorgeholt. Ziel sollte auf jeden Fall eine &#8222;durchsichtige&#8220; Gestaltung sein (d.h. es sollte unter der obersten auch die n\u00e4chste Schicht F\u00e4sser erkennbar sein, was bei &#8222;Abguss-L\u00f6sungen&#8220; i.d.R. prinzipbedingt nicht der Fall ist).<\/p>\n<p><a href=\"http:\/\/moba.noethlich.info\/wp-content\/uploads\/2018\/08\/2018-08-04-6670-800.jpg\"><img loading=\"lazy\" decoding=\"async\" class=\"aligncenter size-full wp-image-787\" src=\"http:\/\/moba.noethlich.info\/wp-content\/uploads\/2018\/08\/2018-08-04-6670-800.jpg\" alt=\"\" width=\"800\" height=\"393\" srcset=\"http:\/\/moba.noethlich.info\/wp-content\/uploads\/2018\/08\/2018-08-04-6670-800.jpg 800w, http:\/\/moba.noethlich.info\/wp-content\/uploads\/2018\/08\/2018-08-04-6670-800-300x147.jpg 300w, http:\/\/moba.noethlich.info\/wp-content\/uploads\/2018\/08\/2018-08-04-6670-800-768x377.jpg 768w, http:\/\/moba.noethlich.info\/wp-content\/uploads\/2018\/08\/2018-08-04-6670-800-624x307.jpg 624w\" sizes=\"auto, (max-width: 800px) 100vw, 800px\" \/><\/a><\/p>\n<p>W\u00e4hrend auf dem Om12 zwei Lagen stehender F\u00e4sser (2 x 4&#215;12 =\u00a096) Platz finden, sind es auf dem moderneren\u00a0Omm52 drei Lagen liegender F\u00e4sser (3&#215;14 + 3&#215;13 + 3&#215;14 = 123). Zun\u00e4chst ein gestellter Ladevorgang:<\/p>\n<p><a href=\"http:\/\/moba.noethlich.info\/wp-content\/uploads\/2018\/08\/2018-08-04-6664-800.jpg\"><img loading=\"lazy\" decoding=\"async\" class=\"aligncenter size-full wp-image-782\" src=\"http:\/\/moba.noethlich.info\/wp-content\/uploads\/2018\/08\/2018-08-04-6664-800.jpg\" alt=\"\" width=\"800\" height=\"417\" srcset=\"http:\/\/moba.noethlich.info\/wp-content\/uploads\/2018\/08\/2018-08-04-6664-800.jpg 800w, http:\/\/moba.noethlich.info\/wp-content\/uploads\/2018\/08\/2018-08-04-6664-800-300x156.jpg 300w, http:\/\/moba.noethlich.info\/wp-content\/uploads\/2018\/08\/2018-08-04-6664-800-768x400.jpg 768w, http:\/\/moba.noethlich.info\/wp-content\/uploads\/2018\/08\/2018-08-04-6664-800-624x325.jpg 624w\" sizes=\"auto, (max-width: 800px) 100vw, 800px\" \/><\/a><\/p>\n<p><a href=\"http:\/\/moba.noethlich.info\/wp-content\/uploads\/2018\/08\/2018-08-04-6665-800.jpg\"><img loading=\"lazy\" decoding=\"async\" class=\"aligncenter size-full wp-image-783\" src=\"http:\/\/moba.noethlich.info\/wp-content\/uploads\/2018\/08\/2018-08-04-6665-800.jpg\" alt=\"\" width=\"800\" height=\"456\" srcset=\"http:\/\/moba.noethlich.info\/wp-content\/uploads\/2018\/08\/2018-08-04-6665-800.jpg 800w, http:\/\/moba.noethlich.info\/wp-content\/uploads\/2018\/08\/2018-08-04-6665-800-300x171.jpg 300w, http:\/\/moba.noethlich.info\/wp-content\/uploads\/2018\/08\/2018-08-04-6665-800-768x438.jpg 768w, http:\/\/moba.noethlich.info\/wp-content\/uploads\/2018\/08\/2018-08-04-6665-800-624x356.jpg 624w\" sizes=\"auto, (max-width: 800px) 100vw, 800px\" \/><\/a><\/p>\n<p><a href=\"http:\/\/moba.noethlich.info\/wp-content\/uploads\/2018\/08\/2018-08-04-6666-800.jpg\"><img loading=\"lazy\" decoding=\"async\" class=\"aligncenter size-full wp-image-784\" src=\"http:\/\/moba.noethlich.info\/wp-content\/uploads\/2018\/08\/2018-08-04-6666-800.jpg\" alt=\"\" width=\"800\" height=\"435\" srcset=\"http:\/\/moba.noethlich.info\/wp-content\/uploads\/2018\/08\/2018-08-04-6666-800.jpg 800w, http:\/\/moba.noethlich.info\/wp-content\/uploads\/2018\/08\/2018-08-04-6666-800-300x163.jpg 300w, http:\/\/moba.noethlich.info\/wp-content\/uploads\/2018\/08\/2018-08-04-6666-800-768x418.jpg 768w, http:\/\/moba.noethlich.info\/wp-content\/uploads\/2018\/08\/2018-08-04-6666-800-624x339.jpg 624w\" sizes=\"auto, (max-width: 800px) 100vw, 800px\" \/><\/a><\/p>\n<p><a href=\"http:\/\/moba.noethlich.info\/wp-content\/uploads\/2018\/08\/2018-08-04-6668-800.jpg\"><img loading=\"lazy\" decoding=\"async\" class=\"aligncenter size-full wp-image-785\" src=\"http:\/\/moba.noethlich.info\/wp-content\/uploads\/2018\/08\/2018-08-04-6668-800.jpg\" alt=\"\" width=\"800\" height=\"459\" srcset=\"http:\/\/moba.noethlich.info\/wp-content\/uploads\/2018\/08\/2018-08-04-6668-800.jpg 800w, http:\/\/moba.noethlich.info\/wp-content\/uploads\/2018\/08\/2018-08-04-6668-800-300x172.jpg 300w, http:\/\/moba.noethlich.info\/wp-content\/uploads\/2018\/08\/2018-08-04-6668-800-768x441.jpg 768w, http:\/\/moba.noethlich.info\/wp-content\/uploads\/2018\/08\/2018-08-04-6668-800-624x358.jpg 624w\" sizes=\"auto, (max-width: 800px) 100vw, 800px\" \/><\/a><\/p>\n<p><a href=\"http:\/\/moba.noethlich.info\/wp-content\/uploads\/2018\/08\/2018-08-04-6669-800.jpg\"><img loading=\"lazy\" decoding=\"async\" class=\"aligncenter size-full wp-image-786\" src=\"http:\/\/moba.noethlich.info\/wp-content\/uploads\/2018\/08\/2018-08-04-6669-800.jpg\" alt=\"\" width=\"800\" height=\"433\" srcset=\"http:\/\/moba.noethlich.info\/wp-content\/uploads\/2018\/08\/2018-08-04-6669-800.jpg 800w, http:\/\/moba.noethlich.info\/wp-content\/uploads\/2018\/08\/2018-08-04-6669-800-300x162.jpg 300w, http:\/\/moba.noethlich.info\/wp-content\/uploads\/2018\/08\/2018-08-04-6669-800-768x416.jpg 768w, http:\/\/moba.noethlich.info\/wp-content\/uploads\/2018\/08\/2018-08-04-6669-800-624x338.jpg 624w\" sizes=\"auto, (max-width: 800px) 100vw, 800px\" \/><\/a><\/p>\n<p>Wie kommt man nun dahin ? Nat\u00fcrlich k\u00f6nnte man ganz viele F\u00e4sser drucken und diese im Wagen stapeln. Etwas eleganter ist es aber, die F\u00e4sser in &#8222;Baugruppen&#8220; zusammenzufassen &#8211; also z.B. 9 F\u00e4sser in einem St\u00fcck:<\/p>\n<p><a href=\"http:\/\/moba.noethlich.info\/wp-content\/uploads\/2018\/08\/faesser-9x-eng-800.jpg\"><img loading=\"lazy\" decoding=\"async\" class=\"aligncenter size-full wp-image-773\" src=\"http:\/\/moba.noethlich.info\/wp-content\/uploads\/2018\/08\/faesser-9x-eng-800.jpg\" alt=\"\" width=\"800\" height=\"648\" srcset=\"http:\/\/moba.noethlich.info\/wp-content\/uploads\/2018\/08\/faesser-9x-eng-800.jpg 800w, http:\/\/moba.noethlich.info\/wp-content\/uploads\/2018\/08\/faesser-9x-eng-800-300x243.jpg 300w, http:\/\/moba.noethlich.info\/wp-content\/uploads\/2018\/08\/faesser-9x-eng-800-768x622.jpg 768w, http:\/\/moba.noethlich.info\/wp-content\/uploads\/2018\/08\/faesser-9x-eng-800-624x505.jpg 624w\" sizes=\"auto, (max-width: 800px) 100vw, 800px\" \/><\/a>Mit 3 x 9 F\u00e4ssern lie\u00dfe sich so eine ordentlich gestapelte Reihe bilden &#8211;\u00a0wenn der Laderaum genau f\u00fcr 14 F\u00e4sser passend w\u00e4re. Ist er aber nat\u00fcrlich nicht. Also muss ein Ausgleichst\u00fcck her:<\/p>\n<p><a href=\"http:\/\/moba.noethlich.info\/wp-content\/uploads\/2018\/08\/faesser-9x-ag1-800.jpg\"><img loading=\"lazy\" decoding=\"async\" class=\"aligncenter size-full wp-image-774\" src=\"http:\/\/moba.noethlich.info\/wp-content\/uploads\/2018\/08\/faesser-9x-ag1-800.jpg\" alt=\"\" width=\"800\" height=\"639\" srcset=\"http:\/\/moba.noethlich.info\/wp-content\/uploads\/2018\/08\/faesser-9x-ag1-800.jpg 800w, http:\/\/moba.noethlich.info\/wp-content\/uploads\/2018\/08\/faesser-9x-ag1-800-300x240.jpg 300w, http:\/\/moba.noethlich.info\/wp-content\/uploads\/2018\/08\/faesser-9x-ag1-800-768x613.jpg 768w, http:\/\/moba.noethlich.info\/wp-content\/uploads\/2018\/08\/faesser-9x-ag1-800-624x498.jpg 624w\" sizes=\"auto, (max-width: 800px) 100vw, 800px\" \/><\/a>Zusammen mit zwei der &#8222;normalen&#8220; Teile ergibt das jetzt genau eine Reihe im Omm52. Um das ganze noch etwas effizienter zu gestalten, wurde jetzt jeweils eine halbe Fassbreite abgeschnitten, so dass drei Teile auf einem Brettchen (6-7mm) aufgeklebt werden k\u00f6nnen:<\/p>\n<p><a href=\"http:\/\/moba.noethlich.info\/wp-content\/uploads\/2018\/08\/faesser-9x-b-800.jpg\"><img loading=\"lazy\" decoding=\"async\" class=\"aligncenter size-full wp-image-776\" src=\"http:\/\/moba.noethlich.info\/wp-content\/uploads\/2018\/08\/faesser-9x-b-800.jpg\" alt=\"\" width=\"800\" height=\"493\" srcset=\"http:\/\/moba.noethlich.info\/wp-content\/uploads\/2018\/08\/faesser-9x-b-800.jpg 800w, http:\/\/moba.noethlich.info\/wp-content\/uploads\/2018\/08\/faesser-9x-b-800-300x185.jpg 300w, http:\/\/moba.noethlich.info\/wp-content\/uploads\/2018\/08\/faesser-9x-b-800-768x473.jpg 768w, http:\/\/moba.noethlich.info\/wp-content\/uploads\/2018\/08\/faesser-9x-b-800-624x385.jpg 624w\" sizes=\"auto, (max-width: 800px) 100vw, 800px\" \/><\/a><a href=\"http:\/\/moba.noethlich.info\/wp-content\/uploads\/2018\/08\/faesser-9x-c-800.jpg\"><img loading=\"lazy\" decoding=\"async\" class=\"aligncenter size-full wp-image-777\" src=\"http:\/\/moba.noethlich.info\/wp-content\/uploads\/2018\/08\/faesser-9x-c-800.jpg\" alt=\"\" width=\"800\" height=\"460\" srcset=\"http:\/\/moba.noethlich.info\/wp-content\/uploads\/2018\/08\/faesser-9x-c-800.jpg 800w, http:\/\/moba.noethlich.info\/wp-content\/uploads\/2018\/08\/faesser-9x-c-800-300x173.jpg 300w, http:\/\/moba.noethlich.info\/wp-content\/uploads\/2018\/08\/faesser-9x-c-800-768x442.jpg 768w, http:\/\/moba.noethlich.info\/wp-content\/uploads\/2018\/08\/faesser-9x-c-800-624x359.jpg 624w\" sizes=\"auto, (max-width: 800px) 100vw, 800px\" \/><\/a><\/p>\n<p>Nun erlaubt der Omm52 aber durchaus noch eine dritte Lage F\u00e4sser &#8211; wobei dann zu ber\u00fccksichtigen ist, dass der Versatz der Ladung sich wieder etwas \u00e4ndert. W\u00e4hrend von der zweiten Lage ein Fass in die L\u00fccke in\u00a0der ersten Lage einsinkt und au\u00dfen jeweils eine halbe Fassbreite Luft bleibt, rutschen von der dritten Lage bereits zwei F\u00e4sser \u00fcber dem eingesunkenen der zweiten Lage tiefer und an den Enden liegen die F\u00e4sser wieder b\u00fcndig. Neben dem ersten der beiden zuletzt gezeigten Elemente werden also noch zwei Elemente wie folgt ben\u00f6tigt:<\/p>\n<p><a href=\"http:\/\/moba.noethlich.info\/wp-content\/uploads\/2018\/08\/faesser-9x-a-800-1.jpg\"><img loading=\"lazy\" decoding=\"async\" class=\"aligncenter size-full wp-image-778\" src=\"http:\/\/moba.noethlich.info\/wp-content\/uploads\/2018\/08\/faesser-9x-a-800-1.jpg\" alt=\"\" width=\"800\" height=\"626\" srcset=\"http:\/\/moba.noethlich.info\/wp-content\/uploads\/2018\/08\/faesser-9x-a-800-1.jpg 800w, http:\/\/moba.noethlich.info\/wp-content\/uploads\/2018\/08\/faesser-9x-a-800-1-300x235.jpg 300w, http:\/\/moba.noethlich.info\/wp-content\/uploads\/2018\/08\/faesser-9x-a-800-1-768x601.jpg 768w, http:\/\/moba.noethlich.info\/wp-content\/uploads\/2018\/08\/faesser-9x-a-800-1-624x488.jpg 624w\" sizes=\"auto, (max-width: 800px) 100vw, 800px\" \/><\/a><a href=\"http:\/\/moba.noethlich.info\/wp-content\/uploads\/2018\/08\/faesser-9x-d-800.jpg\"><img loading=\"lazy\" decoding=\"async\" class=\"aligncenter size-full wp-image-779\" src=\"http:\/\/moba.noethlich.info\/wp-content\/uploads\/2018\/08\/faesser-9x-d-800.jpg\" alt=\"\" width=\"800\" height=\"403\" srcset=\"http:\/\/moba.noethlich.info\/wp-content\/uploads\/2018\/08\/faesser-9x-d-800.jpg 800w, http:\/\/moba.noethlich.info\/wp-content\/uploads\/2018\/08\/faesser-9x-d-800-300x151.jpg 300w, http:\/\/moba.noethlich.info\/wp-content\/uploads\/2018\/08\/faesser-9x-d-800-768x387.jpg 768w, http:\/\/moba.noethlich.info\/wp-content\/uploads\/2018\/08\/faesser-9x-d-800-624x314.jpg 624w\" sizes=\"auto, (max-width: 800px) 100vw, 800px\" \/><\/a><\/p>\n<p>Fertig montiert sehen die Ladestreifen dann so aus:<\/p>\n<p><a href=\"http:\/\/moba.noethlich.info\/wp-content\/uploads\/2018\/08\/2018-08-04-6672-800.jpg\"><img loading=\"lazy\" decoding=\"async\" class=\"aligncenter size-full wp-image-780\" src=\"http:\/\/moba.noethlich.info\/wp-content\/uploads\/2018\/08\/2018-08-04-6672-800.jpg\" alt=\"\" width=\"800\" height=\"387\" srcset=\"http:\/\/moba.noethlich.info\/wp-content\/uploads\/2018\/08\/2018-08-04-6672-800.jpg 800w, http:\/\/moba.noethlich.info\/wp-content\/uploads\/2018\/08\/2018-08-04-6672-800-300x145.jpg 300w, http:\/\/moba.noethlich.info\/wp-content\/uploads\/2018\/08\/2018-08-04-6672-800-768x372.jpg 768w, http:\/\/moba.noethlich.info\/wp-content\/uploads\/2018\/08\/2018-08-04-6672-800-624x302.jpg 624w\" sizes=\"auto, (max-width: 800px) 100vw, 800px\" \/><\/a><\/p>\n<p>In dem Omm52 passen genau 3 Streifen nebeneinander. Nat\u00fcrlich k\u00f6nnen die Teile aber auch auf einem Brettchen als komplette Ladung zusammengeklebt werden.<\/p>\n<p><a href=\"http:\/\/moba.noethlich.info\/wp-content\/uploads\/2018\/08\/2018-08-04-6661-800.jpg\"><img loading=\"lazy\" decoding=\"async\" class=\"aligncenter size-full wp-image-781\" src=\"http:\/\/moba.noethlich.info\/wp-content\/uploads\/2018\/08\/2018-08-04-6661-800.jpg\" alt=\"\" width=\"800\" height=\"391\" srcset=\"http:\/\/moba.noethlich.info\/wp-content\/uploads\/2018\/08\/2018-08-04-6661-800.jpg 800w, http:\/\/moba.noethlich.info\/wp-content\/uploads\/2018\/08\/2018-08-04-6661-800-300x147.jpg 300w, http:\/\/moba.noethlich.info\/wp-content\/uploads\/2018\/08\/2018-08-04-6661-800-768x375.jpg 768w, http:\/\/moba.noethlich.info\/wp-content\/uploads\/2018\/08\/2018-08-04-6661-800-624x305.jpg 624w\" sizes=\"auto, (max-width: 800px) 100vw, 800px\" \/><\/a><\/p>\n<p>Dabei sollte dann darauf geachtet werden, dass au\u00dfen immer die sch\u00f6nere Oberseite der F\u00e4sser zu sehen ist und die Elemente so verteilt werden, dass die asymmetrischen Teile nicht genau nebeneinander liegen &#8211; das Gesamtbild ist dann sehr locker und sieht tats\u00e4chlich wie einzeln gestapelt aus.<\/p>\n","protected":false},"excerpt":{"rendered":"<p>Waren meine ersten Versuche mit F\u00e4ssern im 3D-Druck-Verfahren (F\u00e4sser f\u00fcr Bodorf) noch etwas ern\u00fcchternd, habe ich das Thema &#8222;F\u00e4sser&#8220; f\u00fcr den Omm52 mit eigenem Drucker, besserer Qualit\u00e4t und geringeren Materialkosten wieder hervorgeholt. Ziel sollte auf jeden Fall eine &#8222;durchsichtige&#8220; Gestaltung sein (d.h. es sollte unter der obersten auch die n\u00e4chste Schicht F\u00e4sser erkennbar sein, was [&hellip;]<\/p>\n","protected":false},"author":1,"featured_media":0,"parent":520,"menu_order":0,"comment_status":"closed","ping_status":"closed","template":"","meta":{"footnotes":""},"class_list":["post-772","page","type-page","status-publish","hentry"],"_links":{"self":[{"href":"http:\/\/moba.noethlich.info\/index.php?rest_route=\/wp\/v2\/pages\/772","targetHints":{"allow":["GET"]}}],"collection":[{"href":"http:\/\/moba.noethlich.info\/index.php?rest_route=\/wp\/v2\/pages"}],"about":[{"href":"http:\/\/moba.noethlich.info\/index.php?rest_route=\/wp\/v2\/types\/page"}],"author":[{"embeddable":true,"href":"http:\/\/moba.noethlich.info\/index.php?rest_route=\/wp\/v2\/users\/1"}],"replies":[{"embeddable":true,"href":"http:\/\/moba.noethlich.info\/index.php?rest_route=%2Fwp%2Fv2%2Fcomments&post=772"}],"version-history":[{"count":2,"href":"http:\/\/moba.noethlich.info\/index.php?rest_route=\/wp\/v2\/pages\/772\/revisions"}],"predecessor-version":[{"id":789,"href":"http:\/\/moba.noethlich.info\/index.php?rest_route=\/wp\/v2\/pages\/772\/revisions\/789"}],"up":[{"embeddable":true,"href":"http:\/\/moba.noethlich.info\/index.php?rest_route=\/wp\/v2\/pages\/520"}],"wp:attachment":[{"href":"http:\/\/moba.noethlich.info\/index.php?rest_route=%2Fwp%2Fv2%2Fmedia&parent=772"}],"curies":[{"name":"wp","href":"https:\/\/api.w.org\/{rel}","templated":true}]}}